{"id":17543,"date":"2017-02-02T12:29:24","date_gmt":"2017-02-02T11:29:24","guid":{"rendered":"http:\/\/test.kriesi.at\/enfold-2017\/?page_id=613"},"modified":"2026-01-14T12:51:09","modified_gmt":"2026-01-14T11:51:09","slug":"impressum","status":"publish","type":"page","link":"https:\/\/www.flexijet.info\/fr\/impressum\/","title":{"rendered":"Mentions l\u00e9gales"},"content":{"rendered":"<div id='av_section_1'  class='avia-section av-203s05-0281808b5a9e123de238beb051dd7d0c main_color avia-section-large avia-no-border-styling  avia-builder-el-0  el_before_av_section  avia-builder-el-first  avia-bg-style-scroll container_wrap fullsize'  ><div class='container av-section-cont-open' ><main  role=\"main\" itemprop=\"mainContentOfPage\"  class='template-page content  av-content-full alpha units'><div class='post-entry post-entry-type-page post-entry-17543'><div class='entry-content-wrapper clearfix'>\n\n<style type=\"text\/css\" data-created_by=\"avia_inline_auto\" id=\"style-css-av-ltz85-e216638794052328bdc948b3d335cc6a\">\n#top .av-special-heading.av-ltz85-e216638794052328bdc948b3d335cc6a{\npadding-bottom:20px;\nfont-size:40px;\n}\nbody .av-special-heading.av-ltz85-e216638794052328bdc948b3d335cc6a .av-special-heading-tag .heading-char{\nfont-size:25px;\n}\n#top #wrap_all .av-special-heading.av-ltz85-e216638794052328bdc948b3d335cc6a .av-special-heading-tag{\nfont-size:40px;\n}\n.av-special-heading.av-ltz85-e216638794052328bdc948b3d335cc6a .av-subheading{\nfont-size:15px;\n}\n\n@media only screen and (min-width: 480px) and (max-width: 767px){ \n#top #wrap_all .av-special-heading.av-ltz85-e216638794052328bdc948b3d335cc6a .av-special-heading-tag{\nfont-size:0.8em;\n}\n}\n\n@media only screen and (max-width: 479px){ \n#top #wrap_all .av-special-heading.av-ltz85-e216638794052328bdc948b3d335cc6a .av-special-heading-tag{\nfont-size:0.8em;\n}\n}\n<\/style>\n<div  class='av-special-heading av-ltz85-e216638794052328bdc948b3d335cc6a av-special-heading-h2 blockquote modern-quote  avia-builder-el-1  el_before_av_hr  avia-builder-el-first  av-inherit-size'><h2 class='av-special-heading-tag '  itemprop=\"headline\"  >Mentions l\u00e9gales<\/h2><div class=\"special-heading-border\"><div class=\"special-heading-inner-border\"><\/div><\/div><\/div>\n\n<style type=\"text\/css\" data-created_by=\"avia_inline_auto\" id=\"style-css-av-65tt9-3a75a5317e4a5c6c8f145be7f2208f83\">\n#top .hr.av-65tt9-3a75a5317e4a5c6c8f145be7f2208f83{\nmargin-top:10px;\nmargin-bottom:30px;\n}\n.hr.av-65tt9-3a75a5317e4a5c6c8f145be7f2208f83 .hr-inner{\nwidth:50px;\nborder-color:#000000;\n}\n<\/style>\n<div  class='hr av-65tt9-3a75a5317e4a5c6c8f145be7f2208f83 hr-custom  avia-builder-el-2  el_after_av_heading  el_before_av_one_third  hr-left hr-icon-no'><span class='hr-inner inner-border-av-border-fat'><span class=\"hr-inner-style\"><\/span><\/span><\/div>\n\n<style type=\"text\/css\" data-created_by=\"avia_inline_auto\" id=\"style-css-av-rul2d-136aed08bc36d1eb214a6b487f391cf1\">\n.flex_column.av-rul2d-136aed08bc36d1eb214a6b487f391cf1{\nborder-radius:0px 0px 0px 0px;\npadding:0px 0px 0px 0px;\n}\n<\/style>\n<div  class='flex_column av-rul2d-136aed08bc36d1eb214a6b487f391cf1 av_one_third  avia-builder-el-3  el_after_av_hr  el_before_av_two_third  first flex_column_div av-zero-column-padding  '     ><p>\n<style type=\"text\/css\" data-created_by=\"avia_inline_auto\" id=\"style-css-av-cqu7x-e8c38976ee1421d04807b7b27934060d\">\n#top .av-special-heading.av-cqu7x-e8c38976ee1421d04807b7b27934060d{\npadding-bottom:10px;\n}\nbody .av-special-heading.av-cqu7x-e8c38976ee1421d04807b7b27934060d .av-special-heading-tag .heading-char{\nfont-size:25px;\n}\n.av-special-heading.av-cqu7x-e8c38976ee1421d04807b7b27934060d .av-subheading{\nfont-size:15px;\n}\n<\/style>\n<div  class='av-special-heading av-cqu7x-e8c38976ee1421d04807b7b27934060d av-special-heading-h3 blockquote modern-quote  avia-builder-el-4  el_before_av_textblock  avia-builder-el-first '><h3 class='av-special-heading-tag '  itemprop=\"headline\"  >Mentions l\u00e9gales conform\u00e9ment \u00e0 l\u2019article 5 TMG<\/h3><div class=\"special-heading-border\"><div class=\"special-heading-inner-border\"><\/div><\/div><\/div><br \/>\n<section  class='av_textblock_section av-l2ist-e5bbf4351c540aa6890caf31a9bf298d '   itemscope=\"itemscope\" itemtype=\"https:\/\/schema.org\/CreativeWork\" ><div class='avia_textblock'  itemprop=\"text\" ><p><strong>Flexijet GmbH<\/strong><br \/>\nKampstrasse 54<br \/>\n32584 L\u00f6hne<br \/>\nDeutschland<\/p>\n<p>T\u00e9l\u00e9phone : +49 5731 1866060<br data-start=\"257\" data-end=\"260\" \/>Fax : +49 5731 1866061<br data-start=\"286\" data-end=\"289\" \/>E-mail : <a class=\"decorated-link cursor-pointer\" rel=\"noopener\" data-start=\"302\" data-end=\"322\">office@flexijet.info<\/a><\/p>\n<p>Coordonn\u00e9es bancaires<br \/>\nVolksbank in Ostwestfalen<br \/>\nIBAN: DE33 4786 0125 6100 0207 04<br \/>\nBIC: GENODEM1GTL<\/p>\n<p><strong>Responsable du contenu :\u00a0<\/strong><\/p>\n<p>Daniel Frisch | Flexijet GmbH<\/p>\n<p><strong>Direction :\u00a0<\/strong><br \/>\nChristian R\u00f6sch, Daniel Frisch<\/p>\n<p><strong>Si\u00e8ge social :<\/strong> Bad Oeynhausen<\/p>\n<p><strong>Registre du commerce:<br \/>\n<\/strong>Tribunal d\u2019instance Bad Oeynhausen, Num\u00e9ro d\u2019enregistrement : HRB 3332<\/p>\n<p><strong>Num\u00e9ro de TVA. :<\/strong> DE813258689<\/p>\n<p><b>Num\u00e9ro d\u2019enregistrement WEEE:<\/b> DE 64256698<\/p>\n<p><strong>Conditions g\u00e9n\u00e9rales de vente:<\/strong><\/p>\n<p><a href=\"https:\/\/www.flexijet.info\/agb\/agb.pdf\" target=\"_blank\" rel=\"noopener\">www.flexijet.info\/agb\/agb.pdf<\/a><\/p>\n<\/div><\/section><\/p><\/div>\n<style type=\"text\/css\" data-created_by=\"avia_inline_auto\" id=\"style-css-av-1kbh9-6378817f8951cac7a239e4e1688e3ed0\">\n.flex_column.av-1kbh9-6378817f8951cac7a239e4e1688e3ed0{\nborder-radius:0px 0px 0px 0px;\npadding:0px 0px 0px 0px;\n}\n<\/style>\n<div  class='flex_column av-1kbh9-6378817f8951cac7a239e4e1688e3ed0 av_two_third  avia-builder-el-6  el_after_av_one_third  avia-builder-el-last  flex_column_div av-zero-column-padding  '     ><p>\n<style type=\"text\/css\" data-created_by=\"avia_inline_auto\" id=\"style-css-av-6s51x-6201094fb71de849f8c55f63df02fec8\">\n#top .av-special-heading.av-6s51x-6201094fb71de849f8c55f63df02fec8{\npadding-bottom:10px;\n}\nbody .av-special-heading.av-6s51x-6201094fb71de849f8c55f63df02fec8 .av-special-heading-tag .heading-char{\nfont-size:25px;\n}\n.av-special-heading.av-6s51x-6201094fb71de849f8c55f63df02fec8 .av-subheading{\nfont-size:15px;\n}\n<\/style>\n<div  class='av-special-heading av-6s51x-6201094fb71de849f8c55f63df02fec8 av-special-heading-h3 blockquote modern-quote  avia-builder-el-7  el_before_av_textblock  avia-builder-el-first '><h3 class='av-special-heading-tag '  itemprop=\"headline\"  >Disclaimer<\/h3><div class=\"special-heading-border\"><div class=\"special-heading-inner-border\"><\/div><\/div><\/div><br \/>\n<section  class='av_textblock_section av-bw6tp-c2981e7751b111ca78fe39be94b498e9 '   itemscope=\"itemscope\" itemtype=\"https:\/\/schema.org\/CreativeWork\" ><div class='avia_textblock'  itemprop=\"text\" ><h3 data-start=\"232\" data-end=\"392\"><strong>Responsabilit\u00e9 relative au contenu<\/strong><\/h3>\n<p data-start=\"232\" data-end=\"392\">Les contenus de nos pages ont \u00e9t\u00e9 \u00e9labor\u00e9s avec le plus grand soin. Nous ne pouvons toutefois garantir l\u2019exactitude, l\u2019exhaustivit\u00e9 ni l\u2019actualit\u00e9 des contenus.<\/p>\n<p data-start=\"394\" data-end=\"833\">En tant que prestataire de services, nous sommes responsables, conform\u00e9ment au \u00a7 7, alin\u00e9a 1 de la loi allemande sur les t\u00e9l\u00e9m\u00e9dias (TMG), de nos propres contenus sur ces pages selon les lois g\u00e9n\u00e9rales. Conform\u00e9ment aux \u00a7\u00a7 8 \u00e0 10 TMG, nous ne sommes toutefois pas tenus, en tant que prestataire de services, de surveiller les informations transmises ou stock\u00e9es de tiers, ni de rechercher des circonstances indiquant une activit\u00e9 ill\u00e9gale.<\/p>\n<p data-start=\"835\" data-end=\"1207\">Les obligations de suppression ou de blocage de l\u2019utilisation d\u2019informations conform\u00e9ment aux lois g\u00e9n\u00e9rales restent inchang\u00e9es. Une responsabilit\u00e9 \u00e0 cet \u00e9gard n\u2019est toutefois possible qu\u2019\u00e0 partir du moment o\u00f9 nous avons connaissance d\u2019une violation concr\u00e8te du droit. D\u00e8s notification de violations correspondantes, nous supprimerons imm\u00e9diatement les contenus concern\u00e9s.<\/p>\n<h3 data-start=\"1214\" data-end=\"1255\"><strong data-start=\"1218\" data-end=\"1255\">Responsabilit\u00e9 relative aux liens<\/strong><\/h3>\n<p data-start=\"1256\" data-end=\"1572\">Notre offre contient des liens vers des sites web externes de tiers sur lesquels nous n\u2019avons aucune influence quant au contenu. Nous ne pouvons donc assumer aucune responsabilit\u00e9 pour ces contenus externes. Le contenu des pages li\u00e9es rel\u00e8ve toujours de la responsabilit\u00e9 du fournisseur ou de l\u2019exploitant respectif.<\/p>\n<p data-start=\"1574\" data-end=\"1949\">Les pages li\u00e9es ont \u00e9t\u00e9 contr\u00f4l\u00e9es au moment de la mise en lien quant \u00e0 d\u2019\u00e9ventuelles violations l\u00e9gales. Aucun contenu ill\u00e9gal n\u2019a \u00e9t\u00e9 identifi\u00e9 \u00e0 ce moment-l\u00e0. Un contr\u00f4le permanent du contenu des pages li\u00e9es n\u2019est toutefois pas raisonnable sans indices concrets d\u2019une violation du droit. D\u00e8s notification de violations, nous supprimerons imm\u00e9diatement les liens concern\u00e9s.<\/p>\n<h3 data-start=\"1956\" data-end=\"1978\"><strong data-start=\"1960\" data-end=\"1978\">Droit d\u2019auteur<\/strong><\/h3>\n<p data-start=\"1979\" data-end=\"2268\">Les contenus et \u0153uvres cr\u00e9\u00e9s par les exploitants du site sur ces pages sont soumis au droit d\u2019auteur allemand. La reproduction, le traitement, la diffusion et toute forme d\u2019exploitation en dehors des limites du droit d\u2019auteur n\u00e9cessitent l\u2019accord \u00e9crit de l\u2019auteur ou du cr\u00e9ateur concern\u00e9.<\/p>\n<p data-start=\"2270\" data-end=\"2560\">Les t\u00e9l\u00e9chargements et copies de ce site sont autoris\u00e9s uniquement pour un usage priv\u00e9 et non commercial. Dans la mesure o\u00f9 les contenus de ce site n\u2019ont pas \u00e9t\u00e9 cr\u00e9\u00e9s par l\u2019exploitant, les droits d\u2019auteur de tiers sont respect\u00e9s. Les contenus de tiers sont notamment identifi\u00e9s comme tels.<\/p>\n<p data-start=\"2562\" data-end=\"2755\">Si vous deviez n\u00e9anmoins constater une violation du droit d\u2019auteur, nous vous prions de nous en informer. D\u00e8s notification de violations, nous supprimerons imm\u00e9diatement les contenus concern\u00e9s.<\/p>\n<\/div><\/section><\/p><\/div><\/div><\/div><\/main><!-- close content main element --><\/div><\/div><div id='av_section_2'  class='avia-section av-yog59-ad5dd3e9bbbe97da9465f575b562d1d5 main_color avia-section-large avia-no-border-styling  avia-builder-el-9  el_after_av_section  avia-builder-el-last  avia-bg-style-scroll container_wrap fullsize'  ><div class='container av-section-cont-open' ><div class='template-page content  av-content-full alpha units'><div class='post-entry post-entry-type-page post-entry-17543'><div class='entry-content-wrapper clearfix'><\/p>\n","protected":false},"excerpt":{"rendered":"","protected":false},"author":27,"featured_media":0,"parent":0,"menu_order":110,"comment_status":"closed","ping_status":"closed","template":"","meta":{"cybocfi_hide_featured_image":"","footnotes":""},"class_list":["post-17543","page","type-page","status-publish","hentry"],"_links":{"self":[{"href":"https:\/\/www.flexijet.info\/fr\/wp-json\/wp\/v2\/pages\/17543","targetHints":{"allow":["GET"]}}],"collection":[{"href":"https:\/\/www.flexijet.info\/fr\/wp-json\/wp\/v2\/pages"}],"about":[{"href":"https:\/\/www.flexijet.info\/fr\/wp-json\/wp\/v2\/types\/page"}],"author":[{"embeddable":true,"href":"https:\/\/www.flexijet.info\/fr\/wp-json\/wp\/v2\/users\/27"}],"replies":[{"embeddable":true,"href":"https:\/\/www.flexijet.info\/fr\/wp-json\/wp\/v2\/comments?post=17543"}],"version-history":[{"count":7,"href":"https:\/\/www.flexijet.info\/fr\/wp-json\/wp\/v2\/pages\/17543\/revisions"}],"predecessor-version":[{"id":17947,"href":"https:\/\/www.flexijet.info\/fr\/wp-json\/wp\/v2\/pages\/17543\/revisions\/17947"}],"wp:attachment":[{"href":"https:\/\/www.flexijet.info\/fr\/wp-json\/wp\/v2\/media?parent=17543"}],"curies":[{"name":"wp","href":"https:\/\/api.w.org\/{rel}","templated":true}]}} 