{"id":17549,"date":"2019-02-13T16:31:57","date_gmt":"2019-02-13T15:31:57","guid":{"rendered":"http:\/\/next.flexijet.info\/?page_id=8623"},"modified":"2026-01-22T13:42:25","modified_gmt":"2026-01-22T12:42:25","slug":"helpdesk-support","status":"publish","type":"page","link":"https:\/\/www.flexijet.info\/fr\/service\/helpdesk-support\/","title":{"rendered":"Helpdesk | Support"},"content":{"rendered":"<div id='av-layout-grid-1'  class='av-layout-grid-container av-jsa3coce-8c59652082d46478fef22b675727df77 entry-content-wrapper main_color av-flex-cells  avia-builder-el-0  el_before_av_hr  avia-builder-el-first  av-cell-min-height av-cell-min-height-50  container_wrap fullsize'   data-av_minimum_height_pc='50'>\n\n<style type=\"text\/css\" data-created_by=\"avia_inline_auto\" id=\"style-css-av-jsa3be30-31b3f7e9064e4139f115798ee0bb06ad\">\n.flex_cell.av-jsa3be30-31b3f7e9064e4139f115798ee0bb06ad{\nvertical-align:top;\nbackground:url(https:\/\/www.flexijet.info\/fr\/wp-content\/uploads\/2019\/02\/support.jpg) 0% 100% no-repeat scroll ;\n}\n.responsive #top #wrap_all .flex_cell.av-jsa3be30-31b3f7e9064e4139f115798ee0bb06ad{\npadding:5% 10% 10% 10% !important;\n}\n<\/style>\n<div class='flex_cell av-jsa3be30-31b3f7e9064e4139f115798ee0bb06ad av-gridrow-cell av_one_full no_margin  avia-builder-el-1  avia-builder-el-no-sibling  content-align-top avia-full-stretch'  ><div class='flex_cell_inner'><p>\n<style type=\"text\/css\" data-created_by=\"avia_inline_auto\" id=\"style-css-av-jsab9nqr-20d41799377187e648e825bbf493d35e\">\n.av_font_icon.av-jsab9nqr-20d41799377187e648e825bbf493d35e{\ncolor:#ffffff;\nborder-color:#ffffff;\n}\n.avia-svg-icon.av-jsab9nqr-20d41799377187e648e825bbf493d35e svg:first-child{\nstroke:#ffffff;\nfill:#ffffff;\n}\n.av_font_icon.av-jsab9nqr-20d41799377187e648e825bbf493d35e .av-icon-char{\nfont-size:100px;\nline-height:100px;\n}\n<\/style>\n<span  class='av_font_icon av-jsab9nqr-20d41799377187e648e825bbf493d35e avia_animate_when_visible av-icon-style- avia-icon-pos-left text-shaddow-black avia-iconfont avia-font-entypo-fontello avia-icon-animate'><span class='av-icon-char' data-av_icon='\ue8b9' data-av_iconfont='entypo-fontello' aria-hidden=\"true\" ><\/span><\/span><br \/>\n\n<style type=\"text\/css\" data-created_by=\"avia_inline_auto\" id=\"style-css-av-jsa6s3zm-78f6820ffb6795d07cb0b8a93f87a512\">\n#top .hr.hr-invisible.av-jsa6s3zm-78f6820ffb6795d07cb0b8a93f87a512{\nheight:10px;\n}\n<\/style>\n<div  class='hr av-jsa6s3zm-78f6820ffb6795d07cb0b8a93f87a512 hr-invisible  avia-builder-el-3  el_after_av_font_icon  el_before_av_heading '><span class='hr-inner '><span class=\"hr-inner-style\"><\/span><\/span><\/div><br \/>\n\n<style type=\"text\/css\" data-created_by=\"avia_inline_auto\" id=\"style-css-av-29vi1r-e316bb001718e11468851bbd00e9bec7\">\n#top .av-special-heading.av-29vi1r-e316bb001718e11468851bbd00e9bec7{\npadding-bottom:10px;\ncolor:#ffffff;\n}\nbody .av-special-heading.av-29vi1r-e316bb001718e11468851bbd00e9bec7 .av-special-heading-tag .heading-char{\nfont-size:25px;\n}\n.av-special-heading.av-29vi1r-e316bb001718e11468851bbd00e9bec7 .special-heading-inner-border{\nborder-color:#ffffff;\n}\n.av-special-heading.av-29vi1r-e316bb001718e11468851bbd00e9bec7 .av-subheading{\nfont-size:20px;\ncolor:#ffffff;\n}\n<\/style>\n<div  class='av-special-heading av-29vi1r-e316bb001718e11468851bbd00e9bec7 av-special-heading-h1 custom-color-heading blockquote modern-quote  avia-builder-el-4  el_after_av_hr  avia-builder-el-last  text-shaddow-black av-linked-heading'><h1 class='av-special-heading-tag '  itemprop=\"headline\"  >Hotline de support Flexijet<\/h1><div class='av_custom_color av-subheading av-subheading_below'><p>pour les clients disposant d\u2019un contrat de service Flexijet<\/p>\n<\/div><div class=\"special-heading-border\"><div class=\"special-heading-inner-border\"><\/div><\/div><\/div><\/p>\n<\/div><\/div>\n<\/div><div id='after_grid_row_1'  class='main_color av_default_container_wrap container_wrap fullsize'  ><div class='container av-section-cont-open' ><div class='template-page content  av-content-full alpha units'><div class='post-entry post-entry-type-page post-entry-17549'><div class='entry-content-wrapper clearfix'>\n\n<style type=\"text\/css\" data-created_by=\"avia_inline_auto\" id=\"style-css-av-lwabo9ut-f5296989491fe54020151619d5f04cf2\">\n#top .hr.hr-invisible.av-lwabo9ut-f5296989491fe54020151619d5f04cf2{\nheight:1px;\n}\n<\/style>\n<div  class='hr av-lwabo9ut-f5296989491fe54020151619d5f04cf2 hr-invisible  avia-builder-el-5  el_after_av_layout_row  el_before_av_layout_row  avia-builder-el-no-sibling '><span class='hr-inner '><span class=\"hr-inner-style\"><\/span><\/span><\/div>\n<\/div><\/div><\/div><!-- close content main div --><\/div><\/div><div id='av-layout-grid-2'  class='av-layout-grid-container av-lwab3g3z-0b54719777cfd7a560ba1376edc79f53 entry-content-wrapper main_color av-flex-cells  avia-builder-el-6  el_after_av_hr  el_before_av_layout_row  max1210px grid-row-not-first  container_wrap fullsize'  >\n\n<style type=\"text\/css\" data-created_by=\"avia_inline_auto\" id=\"style-css-av-lwab6ucm-8b51777d5549a59b62da418f42824edd\">\n.flex_cell.av-lwab6ucm-8b51777d5549a59b62da418f42824edd{\nvertical-align:top;\n}\n<\/style>\n<div class='flex_cell av-lwab6ucm-8b51777d5549a59b62da418f42824edd av-gridrow-cell av_one_third no_margin  avia-builder-el-7  el_before_av_cell_two_third  avia-builder-el-first  content-align-top'  ><div class='flex_cell_inner'><section  class='av_textblock_section av-jsa5jk01-98258b0459acb3cc9ddefa70ed1483db '   itemscope=\"itemscope\" itemtype=\"https:\/\/schema.org\/CreativeWork\" ><div class='avia_textblock'  itemprop=\"text\" ><p data-start=\"121\" data-end=\"300\"><strong data-start=\"121\" data-end=\"300\">Notre ligne t\u00e9l\u00e9phonique pour toutes vos questions techniques concernant Flexijet est \u00e0 votre disposition du lundi au vendredi, de 07h30 \u00e0 17h00, pendant nos heures de bureau.<\/strong><\/p>\n<\/div><\/section>\n<\/div><\/div>\n<style type=\"text\/css\" data-created_by=\"avia_inline_auto\" id=\"style-css-av-lwabb3ta-666e41607e5be1a1331fee73ea3b0a35\">\n.flex_cell.av-lwabb3ta-666e41607e5be1a1331fee73ea3b0a35{\nvertical-align:top;\n}\n<\/style>\n<div class='flex_cell av-lwabb3ta-666e41607e5be1a1331fee73ea3b0a35 av-gridrow-cell av_two_third no_margin  avia-builder-el-9  el_after_av_cell_one_third  avia-builder-el-last  content-align-top'  ><div class='flex_cell_inner'><p>\n<style type=\"text\/css\" data-created_by=\"avia_inline_auto\" id=\"style-css-av-pooia7-b28a7463aa1eaea55e14d81c23185890\">\n.flex_column.av-pooia7-b28a7463aa1eaea55e14d81c23185890{\nborder-radius:0px 0px 0px 0px;\npadding:0px 0px 0px 0px;\n}\n<\/style>\n<div  class='flex_column av-pooia7-b28a7463aa1eaea55e14d81c23185890 av_one_half  avia-builder-el-10  el_before_av_one_half  avia-builder-el-first  first flex_column_div av-zero-column-padding  '     ><style type=\"text\/css\" data-created_by=\"avia_inline_auto\" id=\"style-css-av-jsa52kh7-0246120f9e83165cd57cc50eeafcee2c\">\n.iconbox.av-jsa52kh7-0246120f9e83165cd57cc50eeafcee2c .iconbox_icon{\nbackground-color:#b02b2c;\nborder:1px solid #ffffff;\n}\n<\/style>\n<article  class='iconbox iconbox_top av-jsa52kh7-0246120f9e83165cd57cc50eeafcee2c av-icon-style-no-border  avia-builder-el-11  avia-builder-el-no-sibling  main_color'  itemscope=\"itemscope\" itemtype=\"https:\/\/schema.org\/CreativeWork\" ><div class=\"iconbox_content\"><header class=\"entry-content-header\" aria-label=\"Ic\u00f4ne : +49 5731 18 660 51\"><div class='iconbox_icon heading-color avia-iconfont avia-font-entypo-fontello' data-av_icon='\ue854' data-av_iconfont='entypo-fontello'  ><\/div><h3 class='iconbox_content_title '  itemprop=\"headline\" >+49 5731 18 660 51<\/h3><\/header><div class='iconbox_content_container '  itemprop=\"text\" ><\/div><\/div><footer class=\"entry-footer\"><\/footer><\/article><\/div>\n<style type=\"text\/css\" data-created_by=\"avia_inline_auto\" id=\"style-css-av-nvt47j-02b2ab50432e66f263976a185addee4c\">\n.flex_column.av-nvt47j-02b2ab50432e66f263976a185addee4c{\nborder-radius:0px 0px 0px 0px;\npadding:0px 0px 0px 0px;\n}\n<\/style>\n<div  class='flex_column av-nvt47j-02b2ab50432e66f263976a185addee4c av_one_half  avia-builder-el-12  el_after_av_one_half  avia-builder-el-last  flex_column_div av-zero-column-padding  '     ><style type=\"text\/css\" data-created_by=\"avia_inline_auto\" id=\"style-css-av-jsa52kh7-9-67ec7a4db090869ce6a7e68cf5017030\">\n.iconbox.av-jsa52kh7-9-67ec7a4db090869ce6a7e68cf5017030 .iconbox_icon{\nbackground-color:#b02b2c;\nborder:1px solid #ffffff;\n}\n<\/style>\n<article  class='iconbox iconbox_top av-jsa52kh7-9-67ec7a4db090869ce6a7e68cf5017030 av-icon-style-no-border  avia-builder-el-13  avia-builder-el-no-sibling  main_color'  itemscope=\"itemscope\" itemtype=\"https:\/\/schema.org\/CreativeWork\" ><div class=\"iconbox_content\"><header class=\"entry-content-header\" aria-label=\"Ic\u00f4ne : support@flexijet.info\"><a href='mailto:support@flexijet.info' title='support@flexijet.info' aria-label='support@flexijet.info'  class='iconbox_icon heading-color avia-iconfont avia-font-entypo-fontello' data-av_icon='\ue805' data-av_iconfont='entypo-fontello' title=\"support@flexijet.info\" desc=\"support@flexijet.info\" ><\/a><h3 class='iconbox_content_title '  itemprop=\"headline\" ><a href='mailto:support@flexijet.info' title='support@flexijet.info' >support@flexijet.info<\/a><\/h3><\/header><div class='iconbox_content_container '  itemprop=\"text\" ><\/div><\/div><footer class=\"entry-footer\"><\/footer><\/article><\/div><\/p>\n<\/div><\/div>\n<\/div>\n<div id='av-layout-grid-3'  class='av-layout-grid-container av-ltf067-a81e9a4a1fa0532fe2bac76c644d9b23 entry-content-wrapper main_color av-flex-cells  avia-builder-el-14  el_after_av_layout_row  el_before_av_hr  max1210px grid-row-not-first  container_wrap fullsize'  >\n\n<style type=\"text\/css\" data-created_by=\"avia_inline_auto\" id=\"style-css-av-keedcf-82225d574bef8b2317f1ece20c3eccce\">\n.flex_cell.av-keedcf-82225d574bef8b2317f1ece20c3eccce{\nvertical-align:top;\n}\n<\/style>\n<div class='flex_cell av-keedcf-82225d574bef8b2317f1ece20c3eccce av-gridrow-cell av_one_third no_margin  avia-builder-el-15  el_before_av_cell_two_third  avia-builder-el-first  content-align-top'  ><div class='flex_cell_inner'><p>\n<style type=\"text\/css\" data-created_by=\"avia_inline_auto\" id=\"style-css-av-ii0y8f-db8c483a9b26f432874144039b1240b2\">\n#top .av-special-heading.av-ii0y8f-db8c483a9b26f432874144039b1240b2{\npadding-bottom:10px;\n}\nbody .av-special-heading.av-ii0y8f-db8c483a9b26f432874144039b1240b2 .av-special-heading-tag .heading-char{\nfont-size:25px;\n}\n.av-special-heading.av-ii0y8f-db8c483a9b26f432874144039b1240b2 .av-subheading{\nfont-size:15px;\n}\n<\/style>\n<div  class='av-special-heading av-ii0y8f-db8c483a9b26f432874144039b1240b2 av-special-heading-h3 blockquote modern-quote modern-centered  avia-builder-el-16  el_before_av_hr  avia-builder-el-first  av-linked-heading'><h3 class='av-special-heading-tag '  itemprop=\"headline\"  >\u2013 Nous vous aidons volontiers \u2013<\/h3><div class=\"special-heading-border\"><div class=\"special-heading-inner-border\"><\/div><\/div><\/div><br \/>\n\n<style type=\"text\/css\" data-created_by=\"avia_inline_auto\" id=\"style-css-av-h9qatr-ecfa68af7b26a8857a341fe6b13317c1\">\n#top .hr.hr-invisible.av-h9qatr-ecfa68af7b26a8857a341fe6b13317c1{\nheight:30px;\n}\n<\/style>\n<div  class='hr av-h9qatr-ecfa68af7b26a8857a341fe6b13317c1 hr-invisible  avia-builder-el-17  el_after_av_heading  el_before_av_textblock '><span class='hr-inner '><span class=\"hr-inner-style\"><\/span><\/span><\/div><br \/>\n<section  class='av_textblock_section av-f305i7-906377fde49d11464793a3ecd31e3399 '   itemscope=\"itemscope\" itemtype=\"https:\/\/schema.org\/CreativeWork\" ><div class='avia_textblock'  itemprop=\"text\" ><p>Bien entendu, nous r\u00e9pondons \u00e9galement aux questions des clients <strong data-start=\"265\" data-end=\"296\">sans contrat de maintenance<\/strong>.<br data-start=\"297\" data-end=\"300\" \/>Toutefois, l\u2019assistance \u00e0 distance, l\u2019aide pour les dessins, le support pour une utilisation efficace de Flexijet ainsi que de nombreux autres avantages ne sont disponibles <a href=\"https:\/\/www.flexijet.info\/service\/servicevertrag-versicherung\/\">qu\u2019avec un contrat de maintenance.<br data-start=\"297\" data-end=\"300\" \/><\/a><\/p>\n<p>Int\u00e9ress\u00e9 ? Contactez-nous simplement au :<br \/>\n<strong data-start=\"556\" data-end=\"578\">+49 5731 18 660 51<\/strong><\/p>\n<\/div><\/section><br \/>\n\n<style type=\"text\/css\" data-created_by=\"avia_inline_auto\" id=\"style-css-av-e3pd1r-d2eef96d60c122db2c069d4ec64e4a73\">\n#top .av-special-heading.av-e3pd1r-d2eef96d60c122db2c069d4ec64e4a73{\npadding-bottom:10px;\n}\nbody .av-special-heading.av-e3pd1r-d2eef96d60c122db2c069d4ec64e4a73 .av-special-heading-tag .heading-char{\nfont-size:25px;\n}\n.av-special-heading.av-e3pd1r-d2eef96d60c122db2c069d4ec64e4a73 .av-subheading{\nfont-size:15px;\n}\n<\/style>\n<div  class='av-special-heading av-e3pd1r-d2eef96d60c122db2c069d4ec64e4a73 av-special-heading-h3 blockquote modern-quote  avia-builder-el-19  el_after_av_textblock  el_before_av_image  av-linked-heading'><h3 class='av-special-heading-tag '  itemprop=\"headline\"  >Votre interlocuteur<\/h3><div class=\"special-heading-border\"><div class=\"special-heading-inner-border\"><\/div><\/div><\/div><br \/>\n\n<style type=\"text\/css\" data-created_by=\"avia_inline_auto\" id=\"style-css-av-d12bvz-b8b51b84628c417e549e2b44598f668a\">\n.avia-image-container.av-d12bvz-b8b51b84628c417e549e2b44598f668a img.avia_image{\nbox-shadow:none;\n}\n.avia-image-container.av-d12bvz-b8b51b84628c417e549e2b44598f668a .av-image-caption-overlay-center{\ncolor:#ffffff;\n}\n<\/style>\n<div  class='avia-image-container av-d12bvz-b8b51b84628c417e549e2b44598f668a av-styling-circle avia-align-center  avia-builder-el-20  el_after_av_heading  el_before_av_textblock '   itemprop=\"image\" itemscope=\"itemscope\" itemtype=\"https:\/\/schema.org\/ImageObject\" ><div class=\"avia-image-container-inner\"><div class=\"avia-image-overlay-wrap\"><img decoding=\"async\" fetchpriority=\"high\" class='wp-image-239 avia-img-lazy-loading-not-239 avia_image ' src=\"https:\/\/www.flexijet.info\/fr\/wp-content\/uploads\/2023\/04\/Max-Peters-900-180x180.jpg\" alt='' title='Max Peters | Support, Schulung'  height=\"180\" width=\"180\"  itemprop=\"thumbnailUrl\" srcset=\"https:\/\/www.flexijet.info\/fr\/wp-content\/uploads\/2023\/04\/Max-Peters-900-180x180.jpg 180w, https:\/\/www.flexijet.info\/fr\/wp-content\/uploads\/2023\/04\/Max-Peters-900-80x80.jpg 80w, https:\/\/www.flexijet.info\/fr\/wp-content\/uploads\/2023\/04\/Max-Peters-900-36x36.jpg 36w\" sizes=\"(max-width: 180px) 100vw, 180px\" \/><\/div><\/div><\/div><br \/>\n<section  class='av_textblock_section av-aftf4f-9c96d5d851c0febf08a0d792835485ab '   itemscope=\"itemscope\" itemtype=\"https:\/\/schema.org\/CreativeWork\" ><div class='avia_textblock'  itemprop=\"text\" ><h3 style=\"text-align: center;\">Max Peters<\/h3>\n<p style=\"text-align: center;\">Responsable du service formation et support client<\/p>\n<\/div><\/section><\/p>\n<\/div><\/div>\n<style type=\"text\/css\" data-created_by=\"avia_inline_auto\" id=\"style-css-av-9pix1r-d89299388bed34cfc63ea863d36d0e1d\">\n.flex_cell.av-9pix1r-d89299388bed34cfc63ea863d36d0e1d{\nvertical-align:top;\n}\n<\/style>\n<div class='flex_cell av-9pix1r-d89299388bed34cfc63ea863d36d0e1d av-gridrow-cell av_two_third no_margin  avia-builder-el-22  el_after_av_cell_one_third  avia-builder-el-last  content-align-top'  ><div class='flex_cell_inner'><p>\n<style type=\"text\/css\" data-created_by=\"avia_inline_auto\" id=\"style-css-av-lwac6d0f-69a07ef4f8a558b16c46b0330f183080\">\n.iconbox.av-lwac6d0f-69a07ef4f8a558b16c46b0330f183080 .iconbox_icon{\nbackground-color:#b02b2c;\nborder:1px solid #ffffff;\n}\n<\/style>\n<article  class='iconbox iconbox_top av-lwac6d0f-69a07ef4f8a558b16c46b0330f183080 av-icon-style-no-border  avia-builder-el-23  el_before_av_one_half  avia-builder-el-first  main_color'  itemscope=\"itemscope\" itemtype=\"https:\/\/schema.org\/CreativeWork\" ><div class=\"iconbox_content\"><header class=\"entry-content-header\" aria-label=\"Ic\u00f4ne : Flexijet 3D \/ FlexiCAD Manuel en ligne (anglais)\"><a href='https:\/\/www.flexijet.info\/f3d-manual' title='Flexijet 3D \/ FlexiCAD Manuel en ligne (anglais)' aria-label='Flexijet 3D \/ FlexiCAD Manuel en ligne (anglais)'  target=\"_blank\"  rel=\"noopener noreferrer\" class='iconbox_icon heading-color avia-iconfont avia-font-entypo-fontello' data-av_icon='\ue84e' data-av_iconfont='entypo-fontello' title=\"Flexijet 3D \/ FlexiCAD Manuel en ligne (anglais)\" desc=\"Flexijet 3D \/ FlexiCAD Manuel en ligne (anglais)\" ><\/a><h3 class='iconbox_content_title '  itemprop=\"headline\" ><a href='https:\/\/www.flexijet.info\/f3d-manual' title='Flexijet 3D \/ FlexiCAD Manuel en ligne (anglais)'  target=\"_blank\"  rel=\"noopener noreferrer\">Flexijet 3D \/ FlexiCAD Manuel en ligne (anglais)<\/a><\/h3><\/header><div class='iconbox_content_container '  itemprop=\"text\" ><p><a href=\"https:\/\/www.flexijet.info\/f3d-manual\">https:\/\/www.flexijet.info\/f3d-manual<\/a><\/p>\n<\/div><\/div><footer class=\"entry-footer\"><\/footer><\/article><br \/>\n\n<style type=\"text\/css\" data-created_by=\"avia_inline_auto\" id=\"style-css-av-8791jj-801f4e13aa0721e8e2178d8103acd6ea\">\n.flex_column.av-8791jj-801f4e13aa0721e8e2178d8103acd6ea{\nborder-radius:0px 0px 0px 0px;\npadding:0px 0px 0px 0px;\n}\n<\/style>\n<div  class='flex_column av-8791jj-801f4e13aa0721e8e2178d8103acd6ea av_one_half  avia-builder-el-24  el_after_av_icon_box  el_before_av_one_half  first flex_column_div av-zero-column-padding  '     ><p>\n<style type=\"text\/css\" data-created_by=\"avia_inline_auto\" id=\"style-css-av-lwaca5ja-b018960f89b9f44e1552e7993a773873\">\n#top .hr.hr-invisible.av-lwaca5ja-b018960f89b9f44e1552e7993a773873{\nheight:30px;\n}\n<\/style>\n<div  class='hr av-lwaca5ja-b018960f89b9f44e1552e7993a773873 hr-invisible  avia-builder-el-25  el_before_av_icon_box  avia-builder-el-first '><span class='hr-inner '><span class=\"hr-inner-style\"><\/span><\/span><\/div><br \/>\n\n<style type=\"text\/css\" data-created_by=\"avia_inline_auto\" id=\"style-css-av-lwaceiur-a8bcacae81c89765ae146cbbe51c1ac3\">\n.iconbox.av-lwaceiur-a8bcacae81c89765ae146cbbe51c1ac3 .iconbox_icon{\nbackground-color:#b02b2c;\nborder:1px solid #ffffff;\n}\n<\/style>\n<article  class='iconbox iconbox_top av-lwaceiur-a8bcacae81c89765ae146cbbe51c1ac3 av-icon-style-no-border  avia-builder-el-26  el_after_av_hr  avia-builder-el-last  main_color'  itemscope=\"itemscope\" itemtype=\"https:\/\/schema.org\/CreativeWork\" ><div class=\"iconbox_content\"><header class=\"entry-content-header\" aria-label=\"Ic\u00f4ne : Download&lt;br \/&gt;Outil de support Flexijet\"><a href='https:\/\/www.flexijet.info\/download\/TeamViewerQS.exe' title='Download&lt;br \/&gt;Outil de support Flexijet' aria-label='Download&lt;br \/&gt;Outil de support Flexijet'  target=\"_blank\"  rel=\"noopener noreferrer\" class='iconbox_icon heading-color avia-iconfont avia-font-entypo-fontello' data-av_icon='\ue8b0' data-av_iconfont='entypo-fontello' title=\"Download&lt;br \/&gt;Outil de support Flexijet\" desc=\"Download&lt;br \/&gt;Outil de support Flexijet\" ><\/a><h3 class='iconbox_content_title '  itemprop=\"headline\" ><a href='https:\/\/www.flexijet.info\/download\/TeamViewerQS.exe' title='Download&lt;br \/&gt;Outil de support Flexijet'  target=\"_blank\"  rel=\"noopener noreferrer\">Download<br \/>Outil de support Flexijet<\/a><\/h3><\/header><div class='iconbox_content_container '  itemprop=\"text\" ><p>Afin que nos techniciens puissent acc\u00e9der \u00e0 distance \u00e0 votre ordinateur, veuillez t\u00e9l\u00e9charger et installer <b><a href=\"https:\/\/www.flexijet.info\/download\/TeamViewerQS.exe\" target=\"_blank\" rel=\"noopener\">TeamViewerQS.exe<\/a>\u00a0<\/b>(30 MB).<\/p>\n<\/div><\/div><footer class=\"entry-footer\"><\/footer><\/article><\/p><\/div>\n<style type=\"text\/css\" data-created_by=\"avia_inline_auto\" id=\"style-css-av-69jtr3-ba3ad829b3cc534f7c3369e16f5b80fa\">\n.flex_column.av-69jtr3-ba3ad829b3cc534f7c3369e16f5b80fa{\nborder-radius:0px 0px 0px 0px;\npadding:0px 0px 0px 0px;\n}\n<\/style>\n<div  class='flex_column av-69jtr3-ba3ad829b3cc534f7c3369e16f5b80fa av_one_half  avia-builder-el-27  el_after_av_one_half  avia-builder-el-last  flex_column_div av-zero-column-padding  '     ><p>\n<style type=\"text\/css\" data-created_by=\"avia_inline_auto\" id=\"style-css-av-lwacb3g5-c5a45a8241d32fa03b978e21e2adb6b2\">\n#top .hr.hr-invisible.av-lwacb3g5-c5a45a8241d32fa03b978e21e2adb6b2{\nheight:30px;\n}\n<\/style>\n<div  class='hr av-lwacb3g5-c5a45a8241d32fa03b978e21e2adb6b2 hr-invisible  avia-builder-el-28  el_before_av_icon_box  avia-builder-el-first '><span class='hr-inner '><span class=\"hr-inner-style\"><\/span><\/span><\/div><br \/>\n\n<style type=\"text\/css\" data-created_by=\"avia_inline_auto\" id=\"style-css-av-42w1b3-fd01d199989b01aa2bdc6b46f5fefbbe\">\n.iconbox.av-42w1b3-fd01d199989b01aa2bdc6b46f5fefbbe .iconbox_icon{\nbackground-color:#b02b2c;\nborder:1px solid #ffffff;\n}\n<\/style>\n<article  class='iconbox iconbox_top av-42w1b3-fd01d199989b01aa2bdc6b46f5fefbbe av-icon-style-no-border  avia-builder-el-29  el_after_av_hr  avia-builder-el-last  main_color'  itemscope=\"itemscope\" itemtype=\"https:\/\/schema.org\/CreativeWork\" ><div class=\"iconbox_content\"><header class=\"entry-content-header\" aria-label=\"Ic\u00f4ne : Download&lt;br \/&gt;Demande de r\u00e9paration Flexijet (RMA)\"><a href='https:\/\/www.flexijet.info\/wp-content\/uploads\/2026\/01\/Flexijet_RMA_fr.pdf' title='Download&lt;br \/&gt;Demande de r\u00e9paration Flexijet (RMA)' aria-label='Download&lt;br \/&gt;Demande de r\u00e9paration Flexijet (RMA)'  target=\"_blank\"  rel=\"noopener noreferrer\" class='iconbox_icon heading-color avia-iconfont avia-font-entypo-fontello' data-av_icon='\ue84c' data-av_iconfont='entypo-fontello' title=\"Download&lt;br \/&gt;Demande de r\u00e9paration Flexijet (RMA)\" desc=\"Download&lt;br \/&gt;Demande de r\u00e9paration Flexijet (RMA)\" ><\/a><h3 class='iconbox_content_title '  itemprop=\"headline\" ><a href='https:\/\/www.flexijet.info\/wp-content\/uploads\/2026\/01\/Flexijet_RMA_fr.pdf' title='Download&lt;br \/&gt;Demande de r\u00e9paration Flexijet (RMA)'  target=\"_blank\"  rel=\"noopener noreferrer\">Download<br \/>Demande de r\u00e9paration Flexijet (RMA)<\/a><\/h3><\/header><div class='iconbox_content_container '  itemprop=\"text\" ><ul>\n<li style=\"text-align: left;\"><a href=\"https:\/\/www.flexijet.info\/wp-content\/uploads\/2026\/01\/Flexijet_RMA_fr.pdf\" target=\"_blank\" rel=\"noopener\"><strong>Formulaire de r\u00e9paration Flexijet (RMA)<\/strong><\/a><br \/>\nallemand | document PDF (200 KB)<\/li>\n<\/ul>\n<\/div><\/div><footer class=\"entry-footer\"><\/footer><\/article><\/p><\/div><\/p>\n<\/div><\/div><\/div><div id='after_grid_row_3'  class='main_color av_default_container_wrap container_wrap fullsize'  ><div class='container av-section-cont-open' ><div class='template-page content  av-content-full alpha units'><div class='post-entry post-entry-type-page post-entry-17549'><div class='entry-content-wrapper clearfix'>\n<style type=\"text\/css\" data-created_by=\"avia_inline_auto\" id=\"style-css-av-2umo73-2dd7f51069f57ce99fbce1f55cad7b59\">\n#top .hr.hr-invisible.av-2umo73-2dd7f51069f57ce99fbce1f55cad7b59{\nheight:1px;\n}\n<\/style>\n<div  class='hr av-2umo73-2dd7f51069f57ce99fbce1f55cad7b59 hr-invisible  avia-builder-el-30  el_after_av_layout_row  avia-builder-el-no-sibling '><span class='hr-inner '><span class=\"hr-inner-style\"><\/span><\/span><\/div><\/p>\n","protected":false},"excerpt":{"rendered":"","protected":false},"author":27,"featured_media":0,"parent":17550,"menu_order":50,"comment_status":"closed","ping_status":"closed","template":"","meta":{"cybocfi_hide_featured_image":"","footnotes":""},"class_list":["post-17549","page","type-page","status-publish","hentry"],"_links":{"self":[{"href":"https:\/\/www.flexijet.info\/fr\/wp-json\/wp\/v2\/pages\/17549","targetHints":{"allow":["GET"]}}],"collection":[{"href":"https:\/\/www.flexijet.info\/fr\/wp-json\/wp\/v2\/pages"}],"about":[{"href":"https:\/\/www.flexijet.info\/fr\/wp-json\/wp\/v2\/types\/page"}],"author":[{"embeddable":true,"href":"https:\/\/www.flexijet.info\/fr\/wp-json\/wp\/v2\/users\/27"}],"replies":[{"embeddable":true,"href":"https:\/\/www.flexijet.info\/fr\/wp-json\/wp\/v2\/comments?post=17549"}],"version-history":[{"count":9,"href":"https:\/\/www.flexijet.info\/fr\/wp-json\/wp\/v2\/pages\/17549\/revisions"}],"predecessor-version":[{"id":18089,"href":"https:\/\/www.flexijet.info\/fr\/wp-json\/wp\/v2\/pages\/17549\/revisions\/18089"}],"up":[{"embeddable":true,"href":"https:\/\/www.flexijet.info\/fr\/wp-json\/wp\/v2\/pages\/17550"}],"wp:attachment":[{"href":"https:\/\/www.flexijet.info\/fr\/wp-json\/wp\/v2\/media?parent=17549"}],"curies":[{"name":"wp","href":"https:\/\/api.w.org\/{rel}","templated":true}]}}