{"id":17551,"date":"2019-02-18T14:24:02","date_gmt":"2019-02-18T13:24:02","guid":{"rendered":"http:\/\/next.flexijet.info\/?page_id=8783"},"modified":"2026-03-31T17:14:42","modified_gmt":"2026-03-31T15:14:42","slug":"service-maintenance-flexijet","status":"publish","type":"page","link":"https:\/\/www.flexijet.info\/fr\/service\/service-maintenance-flexijet\/","title":{"rendered":"Service maintenance Flexijet"},"content":{"rendered":"<div id='av-layout-grid-1'  class='av-layout-grid-container av-jsaf5y6k-52236c75d174fb3e4e0f2872233acccf entry-content-wrapper main_color av-flex-cells  avia-builder-el-0  el_before_av_section  avia-builder-el-first  av-cell-min-height av-cell-min-height-50  container_wrap fullsize'   data-av_minimum_height_pc='50'>\n\n<style type=\"text\/css\" data-created_by=\"avia_inline_auto\" id=\"style-css-av-jsae488b-5db100668b833c4fd2092d29290611cd\">\n.flex_cell.av-jsae488b-5db100668b833c4fd2092d29290611cd{\nvertical-align:top;\nbackground:url(https:\/\/www.flexijet.info\/fr\/wp-content\/uploads\/2019\/02\/hardwareservice.jpg) 50% 0% no-repeat scroll ;\n}\n.responsive #top #wrap_all .flex_cell.av-jsae488b-5db100668b833c4fd2092d29290611cd{\npadding:5% 2% 10% 10% !important;\n}\n<\/style>\n<div class='flex_cell av-jsae488b-5db100668b833c4fd2092d29290611cd av-gridrow-cell av_one_full no_margin  avia-builder-el-1  avia-builder-el-no-sibling  content-align-top avia-full-stretch'  ><div class='flex_cell_inner'><p>\n<style type=\"text\/css\" data-created_by=\"avia_inline_auto\" id=\"style-css-av-4p9xrz-feab60f32ed1c19d45f10a8ed9ac0477\">\n.flex_column.av-4p9xrz-feab60f32ed1c19d45f10a8ed9ac0477{\nborder-radius:0px 0px 0px 0px;\npadding:0px 0px 0px 0px;\n}\n<\/style>\n<div  class='flex_column av-4p9xrz-feab60f32ed1c19d45f10a8ed9ac0477 av_one_fifth  avia-builder-el-2  el_before_av_four_fifth  avia-builder-el-first  first flex_column_div av-zero-column-padding  '     ><p>\n<style type=\"text\/css\" data-created_by=\"avia_inline_auto\" id=\"style-css-av-jsae34c0-0253db29ac8c5fbc6ebbc3ca51d54312\">\n.av_font_icon.av-jsae34c0-0253db29ac8c5fbc6ebbc3ca51d54312{\ncolor:#ffffff;\nborder-color:#ffffff;\n}\n.avia-svg-icon.av-jsae34c0-0253db29ac8c5fbc6ebbc3ca51d54312 svg:first-child{\nstroke:#ffffff;\nfill:#ffffff;\n}\n.av_font_icon.av-jsae34c0-0253db29ac8c5fbc6ebbc3ca51d54312 .av-icon-char{\nfont-size:100px;\nline-height:100px;\n}\n<\/style>\n<span  class='av_font_icon av-jsae34c0-0253db29ac8c5fbc6ebbc3ca51d54312 avia_animate_when_visible av-icon-style- avia-icon-pos-right text-shaddow-black av-small-hide av-mini-hide avia-iconfont avia-font-entypo-fontello avia-icon-animate'><span class='av-icon-char' data-av_icon='\ue856' data-av_iconfont='entypo-fontello' aria-hidden=\"true\" ><\/span><\/span><br \/>\n\n<style type=\"text\/css\" data-created_by=\"avia_inline_auto\" id=\"style-css-av-jsae34c0-2-5e95e7637fbfa03955bb6719db7b0eb9\">\n.av_font_icon.av-jsae34c0-2-5e95e7637fbfa03955bb6719db7b0eb9{\ncolor:#ffffff;\nborder-color:#ffffff;\n}\n.avia-svg-icon.av-jsae34c0-2-5e95e7637fbfa03955bb6719db7b0eb9 svg:first-child{\nstroke:#ffffff;\nfill:#ffffff;\n}\n.av_font_icon.av-jsae34c0-2-5e95e7637fbfa03955bb6719db7b0eb9 .av-icon-char{\nfont-size:100px;\nline-height:100px;\n}\n<\/style>\n<span  class='av_font_icon av-jsae34c0-2-5e95e7637fbfa03955bb6719db7b0eb9 avia_animate_when_visible av-icon-style- avia-icon-pos-left text-shaddow-black av-desktop-hide av-medium-hide avia-iconfont avia-font-entypo-fontello avia-icon-animate'><span class='av-icon-char' data-av_icon='\ue856' data-av_iconfont='entypo-fontello' aria-hidden=\"true\" ><\/span><\/span><\/p><\/div>\n<style type=\"text\/css\" data-created_by=\"avia_inline_auto\" id=\"style-css-av-37opm7-06f8a7c8beef230fc343ebb69a84a83a\">\n.flex_column.av-37opm7-06f8a7c8beef230fc343ebb69a84a83a{\nborder-radius:0px 0px 0px 0px;\npadding:0px 0px 0px 0px;\n}\n<\/style>\n<div  class='flex_column av-37opm7-06f8a7c8beef230fc343ebb69a84a83a av_four_fifth  avia-builder-el-5  el_after_av_one_fifth  el_before_av_hr  flex_column_div av-zero-column-padding  '     ><style type=\"text\/css\" data-created_by=\"avia_inline_auto\" id=\"style-css-av-22w38v-4ac27e99310632656cb7ec3d99d03525\">\n#top .av-special-heading.av-22w38v-4ac27e99310632656cb7ec3d99d03525{\npadding-bottom:10px;\ncolor:#ffffff;\n}\nbody .av-special-heading.av-22w38v-4ac27e99310632656cb7ec3d99d03525 .av-special-heading-tag .heading-char{\nfont-size:25px;\n}\n.av-special-heading.av-22w38v-4ac27e99310632656cb7ec3d99d03525 .special-heading-inner-border{\nborder-color:#ffffff;\n}\n.av-special-heading.av-22w38v-4ac27e99310632656cb7ec3d99d03525 .av-subheading{\nfont-size:20px;\ncolor:#ffffff;\n}\n<\/style>\n<div  class='av-special-heading av-22w38v-4ac27e99310632656cb7ec3d99d03525 av-special-heading-h1 custom-color-heading blockquote modern-quote  avia-builder-el-6  avia-builder-el-no-sibling  text-shaddow-black av-linked-heading'><h1 class='av-special-heading-tag '  itemprop=\"headline\"  >Service maintenance Flexijet<\/h1><div class='av_custom_color av-subheading av-subheading_below'><p>Notre maintenance garantit la fiabilit\u00e9 de vos relev\u00e9s !<\/p>\n<\/div><div class=\"special-heading-border\"><div class=\"special-heading-inner-border\"><\/div><\/div><\/div><\/div>\n<style type=\"text\/css\" data-created_by=\"avia_inline_auto\" id=\"style-css-av-jsae53pj-50d300f4ddde3fa69087a6d6f5329827\">\n#top .hr.hr-invisible.av-jsae53pj-50d300f4ddde3fa69087a6d6f5329827{\nheight:10px;\n}\n<\/style>\n<div  class='hr av-jsae53pj-50d300f4ddde3fa69087a6d6f5329827 hr-invisible  avia-builder-el-7  el_after_av_four_fifth  avia-builder-el-last '><span class='hr-inner '><span class=\"hr-inner-style\"><\/span><\/span><\/div><\/p>\n<\/div><\/div>\n<\/div>\n<div id='av_section_1'  class='avia-section av-jsaf72ds-497d96d94b1b4d369999d5e25a15f52d main_color avia-section-default avia-no-border-styling  avia-builder-el-8  el_after_av_layout_row  avia-builder-el-last  avia-bg-style-scroll container_wrap fullsize'  ><div class='container av-section-cont-open' ><div class='template-page content  av-content-full alpha units'><div class='post-entry post-entry-type-page post-entry-17551'><div class='entry-content-wrapper clearfix'>\n\n<style type=\"text\/css\" data-created_by=\"avia_inline_auto\" id=\"style-css-av-px5icf-c90a538da71e04e23247cf7a58300ce7\">\n.flex_column.av-px5icf-c90a538da71e04e23247cf7a58300ce7{\nborder-radius:0px 0px 0px 0px;\npadding:0px 0px 0px 0px;\n}\n<\/style>\n<div  class='flex_column av-px5icf-c90a538da71e04e23247cf7a58300ce7 av_three_fifth  avia-builder-el-9  el_before_av_two_fifth  avia-builder-el-first  first flex_column_div av-zero-column-padding  '     ><p><section  class='av_textblock_section av-jsbjm1hb-5a1844b9a22b72daf1849b864903cde5 '   itemscope=\"itemscope\" itemtype=\"https:\/\/schema.org\/CreativeWork\" ><div class='avia_textblock'  itemprop=\"text\" ><p>Comme le Flexijet est un appareil de mesure opto-\u00e9lectronique de haute pr\u00e9cision, nous recommandons un contr\u00f4le annuel dans le cadre de notre service de maintenance afin de garantir une pr\u00e9cision de mesure constante.<\/p>\n<\/div><\/section><br \/>\n\n<style type=\"text\/css\" data-created_by=\"avia_inline_auto\" id=\"style-css-av-6axzfj-b42da8d56ac2152ca1657f8f3df13ee2\">\n#top .av-special-heading.av-6axzfj-b42da8d56ac2152ca1657f8f3df13ee2{\npadding-bottom:10px;\n}\nbody .av-special-heading.av-6axzfj-b42da8d56ac2152ca1657f8f3df13ee2 .av-special-heading-tag .heading-char{\nfont-size:25px;\n}\n.av-special-heading.av-6axzfj-b42da8d56ac2152ca1657f8f3df13ee2 .av-subheading{\nfont-size:15px;\n}\n<\/style>\n<div  class='av-special-heading av-6axzfj-b42da8d56ac2152ca1657f8f3df13ee2 av-special-heading-h3 blockquote modern-quote  avia-builder-el-11  el_after_av_textblock  el_before_av_textblock  av-linked-heading'><h3 class='av-special-heading-tag '  itemprop=\"headline\"  >Merci de prendre rendez-vous pour votre service de maintenance !<\/h3><div class=\"special-heading-border\"><div class=\"special-heading-inner-border\"><\/div><\/div><\/div><br \/>\n<section  class='av_textblock_section av-lv10hj8o-745a68230858101cbf40ce8d7ee42124 '   itemscope=\"itemscope\" itemtype=\"https:\/\/schema.org\/CreativeWork\" ><div class='avia_textblock'  itemprop=\"text\" ><style type=\"text\/css\">.buchungbutton {background-color:#bd131c; -webkit-border-top-left-radius:4px; -moz-border-radius-topleft:4px; border-top-left-radius:4px; -webkit-border-top-right-radius:4px; -moz-border-radius-topright:4px; border-top-right-radius:4px; -webkit-border-bottom-right-radius:4px; -moz-border-radius-bottomright:4px; border-bottom-right-radius:4px; -webkit-border-bottom-left-radius:4px; -moz-border-radius-bottomleft:4px; border-bottom-left-radius:4px; text-indent:0px; border:1px solid #bababa !important; font-size: 11px !important; color: #545454 !important; display:inline-block !important; font-weight: 600 !important; font-style:normal; text-align:center; text-transform: uppercase; padding: 9px 22px; letter-spacing: 1px; margin: 15px 15px  15px 0  !important; min-width:366px} .buchungbutton:active { position:relative; top:1px;} a.buchungbutton {color: #ffffff !important;}<\/style>\n<p>Afin d\u2019\u00e9viter des d\u00e9lais d\u2019attente et de garantir un d\u00e9roulement fluide, nous vous prions de fixer \u00e0 l\u2019avance un rendez-vous de maintenance pour votre Flexijet.<br \/>\n<a class=\"buchungbutton\" href=\"https:\/\/outlook.office365.com\/owa\/calendar\/FlexijetService@flexijet.info\/bookings\/\" target=\"_blanc\">PRENDRE RENDEZ-VOUS EN LIGNE<\/a> (La r\u00e9servation s\u2019ouvre dans un nouvel onglet.)<br \/>\nNous vous remercions de votre compr\u00e9hension :<br data-start=\"917\" data-end=\"920\" \/>Les appareils envoy\u00e9s sans rendez-vous pr\u00e9alable se verront attribuer le prochain cr\u00e9neau disponible, tandis que les appareils annonc\u00e9s et enregistr\u00e9s seront trait\u00e9s en priorit\u00e9.<\/p>\n<\/div><\/section><\/p><\/div>\n<style type=\"text\/css\" data-created_by=\"avia_inline_auto\" id=\"style-css-av-oim8in-e20cc8262a3d62db49300ad1d4a38574\">\n.flex_column.av-oim8in-e20cc8262a3d62db49300ad1d4a38574{\nborder-radius:0px 0px 0px 0px;\npadding:0px 0px 0px 0px;\n}\n<\/style>\n<div  class='flex_column av-oim8in-e20cc8262a3d62db49300ad1d4a38574 av_two_fifth  avia-builder-el-13  el_after_av_three_fifth  el_before_av_hr  flex_column_div av-zero-column-padding  '     ><style type=\"text\/css\" data-created_by=\"avia_inline_auto\" id=\"style-css-av-jsbmnud2-384639c9fd11de586bb45d16a92815eb\">\n.avia-image-container.av-jsbmnud2-384639c9fd11de586bb45d16a92815eb img.avia_image{\nbox-shadow:none;\n}\n.avia-image-container.av-jsbmnud2-384639c9fd11de586bb45d16a92815eb .av-image-caption-overlay-center{\ncolor:#ffffff;\n}\n<\/style>\n<div  class='avia-image-container av-jsbmnud2-384639c9fd11de586bb45d16a92815eb av-styling- avia-align-center  avia-builder-el-14  avia-builder-el-no-sibling '   itemprop=\"image\" itemscope=\"itemscope\" itemtype=\"https:\/\/schema.org\/ImageObject\" ><div class=\"avia-image-container-inner\"><div class=\"avia-image-overlay-wrap\"><img decoding=\"async\" fetchpriority=\"high\" class='wp-image- avia-img-lazy-loading-not- avia_image ' src=\"https:\/\/www.flexijet.info\/wp-content\/uploads\/2019\/02\/Wartung.jpg\" alt='' title=''   itemprop=\"thumbnailUrl\"  \/><\/div><\/div><\/div><\/div>\n<style type=\"text\/css\" data-created_by=\"avia_inline_auto\" id=\"style-css-av-m8fxx2u1-95e158b2d1544f152f5daf5313904e1d\">\n#top .hr.hr-invisible.av-m8fxx2u1-95e158b2d1544f152f5daf5313904e1d{\nheight:1px;\n}\n<\/style>\n<div  class='hr av-m8fxx2u1-95e158b2d1544f152f5daf5313904e1d hr-invisible  avia-builder-el-15  el_after_av_two_fifth  el_before_av_heading '><span class='hr-inner '><span class=\"hr-inner-style\"><\/span><\/span><\/div>\n\n<style type=\"text\/css\" data-created_by=\"avia_inline_auto\" id=\"style-css-av-4sq1db-d4826f21468fea19d027e01912582dac\">\n#top .av-special-heading.av-4sq1db-d4826f21468fea19d027e01912582dac{\npadding-bottom:10px;\n}\nbody .av-special-heading.av-4sq1db-d4826f21468fea19d027e01912582dac .av-special-heading-tag .heading-char{\nfont-size:25px;\n}\n.av-special-heading.av-4sq1db-d4826f21468fea19d027e01912582dac .av-subheading{\nfont-size:15px;\n}\n<\/style>\n<div  class='av-special-heading av-4sq1db-d4826f21468fea19d027e01912582dac av-special-heading-h3 blockquote modern-quote  avia-builder-el-16  el_after_av_hr  el_before_av_table  av-linked-heading'><h3 class='av-special-heading-tag '  itemprop=\"headline\"  >Prestations de service pour les appareils Flexijet 3D de la s\u00e9rie actuelle<\/h3><div class='av-subheading av-subheading_below'><p>(S\u00e9rie 2 \u201eNext Generation\u201c, tel qu&rsquo;illustr\u00e9)<\/p>\n<\/div><div class=\"special-heading-border\"><div class=\"special-heading-inner-border\"><\/div><\/div><\/div>\n<div class='avia-data-table-wrap av-lzfwxr-295569f3288fc9b9753ff90b94ca3850 avia_scrollable_table avia-table-1'><table  class='avia-table avia-data-table avia_pricing_default  avia-builder-el-17  el_after_av_heading  el_before_av_hr '  itemscope=\"itemscope\" itemtype=\"https:\/\/schema.org\/Table\" ><tbody><tr class=''><td class=''><\/td><td class='avia-center-col'><b>sans contrat de maintenance<\/b><\/td><td class='avia-center-col'><b>avec contrat de maintenance Flexijet<\/b><\/td><\/tr><tr class=''><td class=''>v\u00e9rification technique, maintenance, nettoyage &#038; calibrage, contr\u00f4le de la batterie, conditionnement ou remplacement (si n\u00e9cessaire)<\/td><td class='avia-center-col'><nobr><b>889,\u2013 \u20ac<\/b> hors TVA<\/nobr><br \/><\/td><td class='avia-center-col'>inclus (annuel)<\/td><\/tr><\/tbody><\/table><\/div>\n\n<style type=\"text\/css\" data-created_by=\"avia_inline_auto\" id=\"style-css-av-jsbp5z2q-e07d81f16825df9d0a6438013f68e6b1\">\n#top .hr.hr-invisible.av-jsbp5z2q-e07d81f16825df9d0a6438013f68e6b1{\nheight:20px;\n}\n<\/style>\n<div  class='hr av-jsbp5z2q-e07d81f16825df9d0a6438013f68e6b1 hr-invisible  avia-builder-el-18  el_after_av_table  el_before_av_heading '><span class='hr-inner '><span class=\"hr-inner-style\"><\/span><\/span><\/div>\n\n<style type=\"text\/css\" data-created_by=\"avia_inline_auto\" id=\"style-css-av-36zujz-a9677f0d650719f8fe8e24e19e06d6d6\">\n#top .av-special-heading.av-36zujz-a9677f0d650719f8fe8e24e19e06d6d6{\npadding-bottom:10px;\n}\nbody .av-special-heading.av-36zujz-a9677f0d650719f8fe8e24e19e06d6d6 .av-special-heading-tag .heading-char{\nfont-size:25px;\n}\n.av-special-heading.av-36zujz-a9677f0d650719f8fe8e24e19e06d6d6 .av-subheading{\nfont-size:15px;\n}\n<\/style>\n<div  class='av-special-heading av-36zujz-a9677f0d650719f8fe8e24e19e06d6d6 av-special-heading-h3 blockquote modern-quote  avia-builder-el-19  el_after_av_hr  el_before_av_toggle_container  av-linked-heading'><h3 class='av-special-heading-tag '  itemprop=\"headline\"  >Questions concernant la dur\u00e9e, l\u2019emballage et l\u2019exp\u00e9dition<\/h3><div class=\"special-heading-border\"><div class=\"special-heading-inner-border\"><\/div><\/div><\/div>\n<div  class='togglecontainer av-jsbnxeaj-8dfcc50df0b02c394d4a21d4011c43eb  avia-builder-el-20  el_after_av_heading  el_before_av_hr  toggle_close_all' >\n<section class='av_toggle_section av-715wwv-5c41b91455906a719b43dec720ff1271'  itemscope=\"itemscope\" itemtype=\"https:\/\/schema.org\/CreativeWork\" ><div role=\"tablist\" class=\"single_toggle\" data-tags=\"{Tout} \"  ><p id='toggle-toggle-id-1' data-fake-id='#toggle-id-1' class='toggler  av-title-above '  itemprop=\"headline\"  role='tab' tabindex='0' aria-controls='toggle-id-1' data-slide-speed=\"200\" data-title=\"Combien de temps mon Flexijet reste-t-il au service mat\u00e9riel ?\" data-title-open=\"\" data-aria_collapsed=\"Cliquez pour \u00e9tendre : Combien de temps mon Flexijet reste-t-il au service mat\u00e9riel ?\" data-aria_expanded=\"Cliquez pour r\u00e9duire : Combien de temps mon Flexijet reste-t-il au service mat\u00e9riel ?\">Combien de temps mon Flexijet reste-t-il au service mat\u00e9riel ?<span class=\"toggle_icon\"><span class=\"vert_icon\"><\/span><span class=\"hor_icon\"><\/span><\/span><\/p><div id='toggle-id-1' aria-labelledby='toggle-toggle-id-1' role='region' class='toggle_wrap  av-title-above'  ><div class='toggle_content invers-color '  itemprop=\"text\" ><p data-start=\"95\" data-end=\"269\">Si vous avez convenu d\u2019un rendez-vous avec nous au pr\u00e9alable, le service de votre Flexijet, incluant l\u2019exp\u00e9dition, prend g\u00e9n\u00e9ralement environ 7 \u00e0 10 jours (en Allemagne).<\/p>\n<p data-start=\"271\" data-end=\"431\">De mani\u00e8re g\u00e9n\u00e9rale, vous r\u00e9cup\u00e9rerez votre Flexijet le plus rapidement si l\u2019appareil nous parvient au plus tard le lundi de la semaine calendaire convenue.<\/p>\n<\/div><\/div><\/div><\/section>\n<section class='av_toggle_section av-6ezimn-f859e84bcfc623544940835b0e3c9750'  itemscope=\"itemscope\" itemtype=\"https:\/\/schema.org\/CreativeWork\" ><div role=\"tablist\" class=\"single_toggle\" data-tags=\"{Tout} \"  ><p id='toggle-toggle-id-2' data-fake-id='#toggle-id-2' class='toggler  av-title-above '  itemprop=\"headline\"  role='tab' tabindex='0' aria-controls='toggle-id-2' data-slide-speed=\"200\" data-title=\"De quoi ai-je besoin pour le service mat\u00e9riel ?\" data-title-open=\"\" data-aria_collapsed=\"Cliquez pour \u00e9tendre : De quoi ai-je besoin pour le service mat\u00e9riel ?\" data-aria_expanded=\"Cliquez pour r\u00e9duire : De quoi ai-je besoin pour le service mat\u00e9riel ?\">De quoi ai-je besoin pour le service mat\u00e9riel ?<span class=\"toggle_icon\"><span class=\"vert_icon\"><\/span><span class=\"hor_icon\"><\/span><\/span><\/p><div id='toggle-id-2' aria-labelledby='toggle-toggle-id-2' role='region' class='toggle_wrap  av-title-above'  ><div class='toggle_content invers-color '  itemprop=\"text\" ><p>Pour la maintenance, seule la t\u00eate de mesure est n\u00e9cessaire.<\/p>\n<\/div><\/div><\/div><\/section>\n<section class='av_toggle_section av-2mm6in-fff17c425df1c1052f85c012a14c69c4'  itemscope=\"itemscope\" itemtype=\"https:\/\/schema.org\/CreativeWork\" ><div role=\"tablist\" class=\"single_toggle\" data-tags=\"{Tout} \"  ><p id='toggle-toggle-id-3' data-fake-id='#toggle-id-3' class='toggler  av-title-above '  itemprop=\"headline\"  role='tab' tabindex='0' aria-controls='toggle-id-3' data-slide-speed=\"200\" data-title=\"Quel emballage d\u2019exp\u00e9dition dois-je utiliser ?\" data-title-open=\"\" data-aria_collapsed=\"Cliquez pour \u00e9tendre : Quel emballage d\u2019exp\u00e9dition dois-je utiliser ?\" data-aria_expanded=\"Cliquez pour r\u00e9duire : Quel emballage d\u2019exp\u00e9dition dois-je utiliser ?\">Quel emballage d\u2019exp\u00e9dition dois-je utiliser ?<span class=\"toggle_icon\"><span class=\"vert_icon\"><\/span><span class=\"hor_icon\"><\/span><\/span><\/p><div id='toggle-id-3' aria-labelledby='toggle-toggle-id-3' role='region' class='toggle_wrap  av-title-above'  ><div class='toggle_content invers-color '  itemprop=\"text\" ><div id=\"attachment_8951\" style=\"width: 428px\" class=\"wp-caption alignright\"><img decoding=\"async\" aria-describedby=\"caption-attachment-8951\" class=\"size-full wp-image-8951\" src=\"https:\/\/www.flexijet.info\/wp-content\/uploads\/2019\/02\/Versandverpackung.jpg\" alt=\"\" width=\"418\" height=\"450\" \/><p id=\"caption-attachment-8951\" class=\"wp-caption-text\">Versandverpackung, hier f\u00fcr Flexijet Baureihe 1<\/p><\/div>\n<p data-start=\"78\" data-end=\"439\">Pour les appareils Flexijet de nouvelle g\u00e9n\u00e9ration (s\u00e9rie 2, avec \u00e9cran tactile), nous vous prions d\u2019effectuer l\u2019exp\u00e9dition dans la valise <em data-start=\"217\" data-end=\"226\">Plaston<\/em> Flexijet avec suremballage en carton. Nous pouvons volontiers vous fournir, au prix co\u00fbtant, un emballage d\u2019exp\u00e9dition adapt\u00e9 pour les deux g\u00e9n\u00e9rations de Flexijet, afin d\u2019\u00e9viter tout dommage durant le transport.<\/p>\n<p data-start=\"441\" data-end=\"596\">Veuillez garder \u00e0 l\u2019esprit, lors de l\u2019emballage, qu\u2019il s\u2019agit d\u2019un appareil de mesure de pr\u00e9cision. Nous vous conseillons volontiers sur l\u2019emballage id\u00e9al.<\/p>\n<p data-start=\"598\" data-end=\"682\"><strong data-start=\"598\" data-end=\"682\">Veuillez ne pas nous envoyer votre Flexijet dans la valise \u00e0 roulettes Procase !<\/strong><\/p>\n<\/div><\/div><\/div><\/section>\n<section class='av_toggle_section av-357jqn-155dd38daf439a919dc3e4eaf0681659'  itemscope=\"itemscope\" itemtype=\"https:\/\/schema.org\/CreativeWork\" ><div role=\"tablist\" class=\"single_toggle\" data-tags=\"{Tout} \"  ><p id='toggle-toggle-id-4' data-fake-id='#toggle-id-4' class='toggler  av-title-above '  itemprop=\"headline\"  role='tab' tabindex='0' aria-controls='toggle-id-4' data-slide-speed=\"200\" data-title=\"Quel prestataire d\u2019exp\u00e9dition et quelle adresse d\u2019envoi ?\" data-title-open=\"\" data-aria_collapsed=\"Cliquez pour \u00e9tendre : Quel prestataire d\u2019exp\u00e9dition et quelle adresse d\u2019envoi ?\" data-aria_expanded=\"Cliquez pour r\u00e9duire : Quel prestataire d\u2019exp\u00e9dition et quelle adresse d\u2019envoi ?\">Quel prestataire d\u2019exp\u00e9dition et quelle adresse d\u2019envoi ?<span class=\"toggle_icon\"><span class=\"vert_icon\"><\/span><span class=\"hor_icon\"><\/span><\/span><\/p><div id='toggle-id-4' aria-labelledby='toggle-toggle-id-4' role='region' class='toggle_wrap  av-title-above'  ><div class='toggle_content invers-color '  itemprop=\"text\" ><p data-start=\"73\" data-end=\"252\">Pour l\u2019envoi de votre appareil, vous choisissez librement le transporteur ainsi que le mode d\u2019exp\u00e9dition. L\u2019exp\u00e9dition vers notre service se fait <strong data-start=\"219\" data-end=\"251\">\u00e0 vos frais et \u00e0 vos risques<\/strong>.<\/p>\n<p data-start=\"254\" data-end=\"296\">L\u2019adresse d\u2019exp\u00e9dition est la suivante :<\/p>\n<p data-start=\"298\" data-end=\"359\"><strong data-start=\"298\" data-end=\"315\">Flexijet GmbH<\/strong><br data-start=\"315\" data-end=\"318\" \/>Kampstra\u00dfe 54<br data-start=\"331\" data-end=\"334\" \/>32584 L\u00f6hne<br data-start=\"345\" data-end=\"348\" \/>Allemagne<\/p>\n<p data-start=\"361\" data-end=\"462\">Le retour de l\u2019appareil est effectu\u00e9 par nos soins <strong data-start=\"412\" data-end=\"461\">exclusivement via UPS (United Parcel Service)<\/strong>.<\/p>\n<p><a href=\"#top\"><strong>Veuillez imp\u00e9rativement convenir d\u2019un rendez-vous de service avant tout envoi !<\/strong><\/a><\/p>\n<\/div><\/div><\/div><\/section>\n<\/div>\n\n<style type=\"text\/css\" data-created_by=\"avia_inline_auto\" id=\"style-css-av-jsbp6rg1-61310396e0cd49ca6601418b9ef4ab68\">\n#top .hr.hr-invisible.av-jsbp6rg1-61310396e0cd49ca6601418b9ef4ab68{\nheight:80px;\n}\n<\/style>\n<div  class='hr av-jsbp6rg1-61310396e0cd49ca6601418b9ef4ab68 hr-invisible  avia-builder-el-21  el_after_av_toggle_container  avia-builder-el-last '><span class='hr-inner '><span class=\"hr-inner-style\"><\/span><\/span><\/div>\n\n","protected":false},"excerpt":{"rendered":"","protected":false},"author":27,"featured_media":0,"parent":17550,"menu_order":60,"comment_status":"closed","ping_status":"closed","template":"","meta":{"cybocfi_hide_featured_image":"","footnotes":""},"class_list":["post-17551","page","type-page","status-publish","hentry"],"_links":{"self":[{"href":"https:\/\/www.flexijet.info\/fr\/wp-json\/wp\/v2\/pages\/17551","targetHints":{"allow":["GET"]}}],"collection":[{"href":"https:\/\/www.flexijet.info\/fr\/wp-json\/wp\/v2\/pages"}],"about":[{"href":"https:\/\/www.flexijet.info\/fr\/wp-json\/wp\/v2\/types\/page"}],"author":[{"embeddable":true,"href":"https:\/\/www.flexijet.info\/fr\/wp-json\/wp\/v2\/users\/27"}],"replies":[{"embeddable":true,"href":"https:\/\/www.flexijet.info\/fr\/wp-json\/wp\/v2\/comments?post=17551"}],"version-history":[{"count":12,"href":"https:\/\/www.flexijet.info\/fr\/wp-json\/wp\/v2\/pages\/17551\/revisions"}],"predecessor-version":[{"id":18188,"href":"https:\/\/www.flexijet.info\/fr\/wp-json\/wp\/v2\/pages\/17551\/revisions\/18188"}],"up":[{"embeddable":true,"href":"https:\/\/www.flexijet.info\/fr\/wp-json\/wp\/v2\/pages\/17550"}],"wp:attachment":[{"href":"https:\/\/www.flexijet.info\/fr\/wp-json\/wp\/v2\/media?parent=17551"}],"curies":[{"name":"wp","href":"https:\/\/api.w.org\/{rel}","templated":true}]}}