{"id":17553,"date":"2019-02-22T16:45:42","date_gmt":"2019-02-22T15:45:42","guid":{"rendered":"http:\/\/next.flexijet.info\/?page_id=9413"},"modified":"2026-03-31T17:45:29","modified_gmt":"2026-03-31T15:45:29","slug":"contrat-de-service-flexijet","status":"publish","type":"page","link":"https:\/\/www.flexijet.info\/fr\/service\/contrat-de-service-assurance\/contrat-de-service-flexijet\/","title":{"rendered":"Contrat de service Flexijet"},"content":{"rendered":"<div class='clear'><\/div><div id='sub_menu1'  class='av-submenu-container av-jsk5qho9-4fb820343f5dd44b9ab65a6468b725db main_color  avia-builder-el-0  el_before_av_one_fifth  avia-builder-el-first  av-sticky-submenu container_wrap fullsize' style='z-index:301' ><div class='container av-menu-mobile-disabled av-submenu-pos-center'><ul id=\"menu-switch-menu-servicevertrag-versicherung\" class=\"av-subnav-menu\" role=\"menu\"><li role=\"menuitem\" id=\"menu-item-17999\" class=\"menu-item menu-item-type-post_type menu-item-object-page menu-item-top-level menu-item-top-level-1\"><a href=\"https:\/\/www.flexijet.info\/fr\/service\/contrat-de-service-assurance\/contrat-de-service-flexijet\/\" itemprop=\"url\" tabindex=\"0\"><span class=\"avia-bullet\"><\/span><span class=\"avia-menu-text\">Contrat de service Flexijet<\/span><span class=\"avia-menu-fx\"><span class=\"avia-arrow-wrap\"><span class=\"avia-arrow\"><\/span><\/span><\/span><\/a><\/li>\n<li role=\"menuitem\" id=\"menu-item-18000\" class=\"menu-item menu-item-type-post_type menu-item-object-page menu-item-top-level menu-item-top-level-2\"><a href=\"https:\/\/www.flexijet.info\/fr\/service\/contrat-de-service-assurance\/assurance-electronique-flexijet\/\" itemprop=\"url\" tabindex=\"0\"><span class=\"avia-bullet\"><\/span><span class=\"avia-menu-text\">Assurance \u00e9lectronique Flexijet<\/span><span class=\"avia-menu-fx\"><span class=\"avia-arrow-wrap\"><span class=\"avia-arrow\"><\/span><\/span><\/span><\/a><\/li>\n<\/ul><\/div><\/div><div class='sticky_placeholder'><\/div><div id='after_submenu_1'  class='main_color av_default_container_wrap container_wrap fullsize'  ><div class='container av-section-cont-open' ><div class='template-page content  av-content-full alpha units'><div class='post-entry post-entry-type-page post-entry-17553'><div class='entry-content-wrapper clearfix'>\n\n<style type=\"text\/css\" data-created_by=\"avia_inline_auto\" id=\"style-css-av-1jkqy85-7359d5861c2ababa964e72e3690f4046\">\n.flex_column.av-1jkqy85-7359d5861c2ababa964e72e3690f4046{\nborder-radius:0px 0px 0px 0px;\npadding:0px 0px 0px 0px;\n}\n<\/style>\n<div  class='flex_column av-1jkqy85-7359d5861c2ababa964e72e3690f4046 av_one_fifth  avia-builder-el-1  el_after_av_submenu  el_before_av_four_fifth  avia-builder-el-first  first flex_column_div av-zero-column-padding  '     ><style type=\"text\/css\" data-created_by=\"avia_inline_auto\" id=\"style-css-av-jskbo47o-3ea39dcc1b9114d7380a4b006f14596e\">\n.avia-image-container.av-jskbo47o-3ea39dcc1b9114d7380a4b006f14596e img.avia_image{\nbox-shadow:none;\n}\n.avia-image-container.av-jskbo47o-3ea39dcc1b9114d7380a4b006f14596e .av-image-caption-overlay-center{\ncolor:#ffffff;\n}\n<\/style>\n<div  class='avia-image-container av-jskbo47o-3ea39dcc1b9114d7380a4b006f14596e av-styling- avia-align-center  avia-builder-el-2  avia-builder-el-no-sibling '   itemprop=\"image\" itemscope=\"itemscope\" itemtype=\"https:\/\/schema.org\/ImageObject\" ><div class=\"avia-image-container-inner\"><div class=\"avia-image-overlay-wrap\"><img decoding=\"async\" fetchpriority=\"high\" class='wp-image-127 avia-img-lazy-loading-not-127 avia_image ' src=\"https:\/\/www.flexijet.info\/fr\/wp-content\/uploads\/2019\/02\/Servicevertrag.png\" alt='' title='Servicevertrag'  height=\"215\" width=\"250\"  itemprop=\"thumbnailUrl\"  \/><\/div><\/div><\/div><\/div>\n\n<style type=\"text\/css\" data-created_by=\"avia_inline_auto\" id=\"style-css-av-1hz46v9-00fead58f9e0241a961f115a1a9cbf68\">\n.flex_column.av-1hz46v9-00fead58f9e0241a961f115a1a9cbf68{\nborder-radius:0px 0px 0px 0px;\npadding:0px 0px 0px 0px;\n}\n<\/style>\n<div  class='flex_column av-1hz46v9-00fead58f9e0241a961f115a1a9cbf68 av_four_fifth  avia-builder-el-3  el_after_av_one_fifth  el_before_av_hr  flex_column_div av-zero-column-padding  '     ><p>\n<style type=\"text\/css\" data-created_by=\"avia_inline_auto\" id=\"style-css-av-jskbt9c0-f03142adc0c9750bf2d98be928c73cd1\">\n#top .hr.hr-invisible.av-jskbt9c0-f03142adc0c9750bf2d98be928c73cd1{\nheight:5px;\n}\n<\/style>\n<div  class='hr av-jskbt9c0-f03142adc0c9750bf2d98be928c73cd1 hr-invisible  avia-builder-el-4  el_before_av_heading  avia-builder-el-first '><span class='hr-inner '><span class=\"hr-inner-style\"><\/span><\/span><\/div><br \/>\n\n<style type=\"text\/css\" data-created_by=\"avia_inline_auto\" id=\"style-css-av-jskfh6w2-7b7143559f156d191310afc5ec4542cf\">\n#top .av-special-heading.av-jskfh6w2-7b7143559f156d191310afc5ec4542cf{\npadding-bottom:10px;\n}\nbody .av-special-heading.av-jskfh6w2-7b7143559f156d191310afc5ec4542cf .av-special-heading-tag .heading-char{\nfont-size:25px;\n}\n.av-special-heading.av-jskfh6w2-7b7143559f156d191310afc5ec4542cf .av-subheading{\nfont-size:15px;\n}\n<\/style>\n<div  class='av-special-heading av-jskfh6w2-7b7143559f156d191310afc5ec4542cf av-special-heading-h1 blockquote modern-quote  avia-builder-el-5  el_after_av_hr  avia-builder-el-last  av-linked-heading'><h1 class='av-special-heading-tag '  itemprop=\"headline\"  ><b>Le contrat de service Flexijet<\/b><br \/><span style=\"text-transform:none\">\u2013 Assistance syst\u00e8me et accompagnement applicatif pour nos clients<span><\/h1><div class='av-subheading av-subheading_below'><p>Maintenance du mat\u00e9riel, service et support pour le syst\u00e8me et le logiciel \u2013 \u00e0 prix avantageux !<\/p>\n<\/div><div class=\"special-heading-border\"><div class=\"special-heading-inner-border\"><\/div><\/div><\/div><\/p><\/div>\n\n<style type=\"text\/css\" data-created_by=\"avia_inline_auto\" id=\"style-css-av-jskbt9c0-30-2f591ec07cad7c879d248d03338de20c\">\n#top .hr.hr-invisible.av-jskbt9c0-30-2f591ec07cad7c879d248d03338de20c{\nheight:10px;\n}\n<\/style>\n<div  class='hr av-jskbt9c0-30-2f591ec07cad7c879d248d03338de20c hr-invisible  avia-builder-el-6  el_after_av_four_fifth  el_before_av_two_third '><span class='hr-inner '><span class=\"hr-inner-style\"><\/span><\/span><\/div>\n\n<style type=\"text\/css\" data-created_by=\"avia_inline_auto\" id=\"style-css-av-1gu67lh-6082cef99acbc844023cf52a383e8c5d\">\n.flex_column.av-1gu67lh-6082cef99acbc844023cf52a383e8c5d{\nborder-radius:0px 0px 0px 0px;\npadding:0px 0px 0px 0px;\n}\n<\/style>\n<div  class='flex_column av-1gu67lh-6082cef99acbc844023cf52a383e8c5d av_two_third  avia-builder-el-7  el_after_av_hr  el_before_av_one_third  first flex_column_div av-zero-column-padding  '     ><section  class='av_textblock_section av-jskb5dft-b2d6546cdf4109decc0f6fdca14b5687 '   itemscope=\"itemscope\" itemtype=\"https:\/\/schema.org\/CreativeWork\" ><div class='avia_textblock'  itemprop=\"text\" ><p data-start=\"129\" data-end=\"415\"><strong data-start=\"129\" data-end=\"415\">Assurez la performance de votre Flexijet gr\u00e2ce \u00e0 un contr\u00f4le et une maintenance r\u00e9guliers, et restez toujours \u00e0 jour en mati\u00e8re de logiciel. Vous profitez \u00e9galement de notre support t\u00e9l\u00e9phonique et par e-mail, ainsi que de nombreux autres avantages \u2013 le tout \u00e0 un prix annuel fixe !<\/strong><\/p>\n<\/div><\/section><br \/>\n<section  class='av_textblock_section av-jskb5dft-28-5dba897b7b6335ef2f971905f2d59213 '   itemscope=\"itemscope\" itemtype=\"https:\/\/schema.org\/CreativeWork\" ><div class='avia_textblock'  itemprop=\"text\" ><p><img decoding=\"async\" class=\"alignleft wp-image-9470\" src=\"https:\/\/www.flexijet.info\/wp-content\/uploads\/2019\/02\/SV-Hardwareservice.png\" alt=\"\" width=\"20\" height=\"20\" \/><\/p>\n<p>Maintien de la pr\u00e9cision de mesure gr\u00e2ce au nettoyage annuel, \u00e0 la maintenance, au calibrage et au contr\u00f4le m\u00e9trologique.<\/p>\n<p><img decoding=\"async\" class=\"alignleft wp-image-9472\" src=\"https:\/\/www.flexijet.info\/wp-content\/uploads\/2019\/02\/SV-Akkutausch.png\" alt=\"\" width=\"20\" height=\"12\" \/>Dur\u00e9e d\u2019utilisation maximale gr\u00e2ce au contr\u00f4le annuel de la batterie, \u00e0 la mise en condition et au remplacement (si n\u00e9cessaire).<\/p>\n<p><img decoding=\"async\" class=\"alignleft wp-image-9473\" src=\"https:\/\/www.flexijet.info\/wp-content\/uploads\/2019\/02\/SV-Software-Firmware-Update.png\" alt=\"\" width=\"20\" height=\"19\" \/>Mises \u00e0 jour logicielles pour votre logiciel de relev\u00e9 Flexijet et mises \u00e0 jour du firmware pour le mat\u00e9riel Flexijet<\/p>\n<p style=\"padding-left: 30px;\">\u2013 vous profitez ainsi des fonctionnalit\u00e9s les plus r\u00e9centes !<\/p>\n<p><img decoding=\"async\" class=\"alignleft wp-image-9477\" src=\"https:\/\/www.flexijet.info\/wp-content\/uploads\/2019\/02\/SV-Sonderkondition-Versicherung.png\" alt=\"\" width=\"20\" height=\"20\" \/>Prime annuelle r\u00e9duite lors de la souscription de l\u2019<a href=\"https:\/\/www.flexijet.info\/service\/servicevertrag-versicherung\/flexijet-elektronikversicherung\/\">assurance \u00e9lectronique Flexijet<\/a>. R\u00e9serv\u00e9 aux clients dont le si\u00e8ge social se situe dans un \u00c9tat membre de l\u2019UE.<\/p>\n<p><img decoding=\"async\" class=\"alignleft wp-image-9478\" src=\"https:\/\/www.flexijet.info\/wp-content\/uploads\/2019\/02\/SV-Support.png\" alt=\"\" width=\"20\" height=\"22\" \/>Support t\u00e9l\u00e9phonique et par e-mail direct \u2013 une assistance amicale et comp\u00e9tente plut\u00f4t que des hotlines co\u00fbteuses !<\/p>\n<\/div><\/section><br \/>\n<div id='avia-messagebox-' class='avia_message_box av_notification av-jskeqmtt-0dddecceebc855ba2b64546e22fbc4a7 avia-color-green avia-size-normal avia-icon_select-yes avia-border-dashed  avia-builder-el-10  el_after_av_textblock  avia-builder-el-last ' ><div class=\"avia_message_box_content\"><span class='avia_message_box_icon avia-iconfont avia-font-entypo-fontello' data-av_icon='\ue812' data-av_iconfont='entypo-fontello' ><\/span><p><span style=\"text-transform:none;font-weight:normal\"><strong>Tout cela avec le contrat de service Flexijet, pour seulement <nobr><u>1.290,\u2013 \u20ac\u00b9<\/u><\/strong> hors TVA.<\/nobr> <nobr><\/nobr><\/span><\/p>\n<\/div><\/div><\/p><\/div>\n<style type=\"text\/css\" data-created_by=\"avia_inline_auto\" id=\"style-css-av-1f7483p-c56f3fb9ad8268f99583c2507ddbcfb9\">\n.flex_column.av-1f7483p-c56f3fb9ad8268f99583c2507ddbcfb9{\nborder-radius:0px 0px 0px 0px;\npadding:0px 0px 0px 0px;\n}\n<\/style>\n<div  class='flex_column av-1f7483p-c56f3fb9ad8268f99583c2507ddbcfb9 av_one_third  avia-builder-el-11  el_after_av_two_third  el_before_av_hr  flex_column_div av-zero-column-padding  '     ><style type=\"text\/css\" data-created_by=\"avia_inline_auto\" id=\"style-css-av-jskfm68g-5e926c56685316dff816d772220c707e\">\n.avia-image-container.av-jskfm68g-5e926c56685316dff816d772220c707e img.avia_image{\nbox-shadow:none;\n}\n.avia-image-container.av-jskfm68g-5e926c56685316dff816d772220c707e .av-image-caption-overlay-center{\ncolor:#ffffff;\n}\n<\/style>\n<div  class='avia-image-container av-jskfm68g-5e926c56685316dff816d772220c707e av-styling- avia-align-center  avia-builder-el-12  avia-builder-el-no-sibling '   itemprop=\"image\" itemscope=\"itemscope\" itemtype=\"https:\/\/schema.org\/ImageObject\" ><div class=\"avia-image-container-inner\"><div class=\"avia-image-overlay-wrap\"><img decoding=\"async\" fetchpriority=\"high\" class='wp-image-38 avia-img-lazy-loading-not-38 avia_image ' src=\"https:\/\/www.flexijet.info\/fr\/wp-content\/uploads\/flexijet-content\/flexijet4archicad\/flexijet4archicad_cover.png\" alt='' title='flexijet4archicad_cover.png photo'  height=\"412\" width=\"630\"  itemprop=\"thumbnailUrl\" srcset=\"https:\/\/www.flexijet.info\/fr\/wp-content\/uploads\/flexijet-content\/flexijet4archicad\/flexijet4archicad_cover.png 630w, https:\/\/www.flexijet.info\/fr\/wp-content\/uploads\/flexijet-content\/flexijet4archicad\/flexijet4archicad_cover-300x196.png 300w\" sizes=\"(max-width: 630px) 100vw, 630px\" \/><\/div><\/div><\/div><\/div><\/p>\n\n<style type=\"text\/css\" data-created_by=\"avia_inline_auto\" id=\"style-css-av-jskbt9c0-29-a479da977dbda9252ec401e5be1fc60b\">\n#top .hr.hr-invisible.av-jskbt9c0-29-a479da977dbda9252ec401e5be1fc60b{\nheight:5px;\n}\n<\/style>\n<div  class='hr av-jskbt9c0-29-a479da977dbda9252ec401e5be1fc60b hr-invisible  avia-builder-el-13  el_after_av_one_third  el_before_av_heading '><span class='hr-inner '><span class=\"hr-inner-style\"><\/span><\/span><\/div>\n\n<style type=\"text\/css\" data-created_by=\"avia_inline_auto\" id=\"style-css-av-1elfej9-591a6645ec8f571039c1592d1032125f\">\n#top .av-special-heading.av-1elfej9-591a6645ec8f571039c1592d1032125f{\npadding-bottom:10px;\n}\nbody .av-special-heading.av-1elfej9-591a6645ec8f571039c1592d1032125f .av-special-heading-tag .heading-char{\nfont-size:25px;\n}\n.av-special-heading.av-1elfej9-591a6645ec8f571039c1592d1032125f .av-subheading{\nfont-size:15px;\n}\n<\/style>\n<div  class='av-special-heading av-1elfej9-591a6645ec8f571039c1592d1032125f av-special-heading-h3 blockquote modern-quote  avia-builder-el-14  el_after_av_hr  el_before_av_table  av-small-hide av-mini-hide av-linked-heading'><h3 class='av-special-heading-tag '  itemprop=\"headline\"  >Comparatif des services et des co\u00fbts du contrat de service Flexijet<\/h3><div class=\"special-heading-border\"><div class=\"special-heading-inner-border\"><\/div><\/div><\/div>\n<div class='avia-data-table-wrap av-1dkm679-e662074dd6197569c7850d935df4aa05 avia_responsive_table av-small-hide av-mini-hide avia-table-1'><table  class='avia-table avia-data-table avia_pricing_default  avia-builder-el-15  el_after_av_heading  el_before_av_hr '  itemscope=\"itemscope\" itemtype=\"https:\/\/schema.org\/Table\" ><tbody><tr class='avia-heading-row'><th class=''><\/th><th class='avia-center-col'>Sans contrat de service<\/th><th class='avia-center-col'>Avec contrat de service<\/th><\/tr><tr class=''><td class=''><b>Maintenance annuelle du mat\u00e9riel<\/b><br \/>\ncomprend : contr\u00f4le \u00e0 la r\u00e9ception, v\u00e9rification et nettoyage, contr\u00f4le de la batterie, conditionnement et remplacement si n\u00e9cessaire, tests des moteurs, mises \u00e0 jour de la m\u00e9canique \/ de l\u2019\u00e9lectronique, calibration<\/td><td class='avia-center-col'><b>889,\u2013 \u20ac<\/b> net, hors TVA <br \/><\/td><td class='avia-center-col'><b>inclus<\/b><\/td><\/tr><tr class=''><td class=''><b>Mises \u00e0 jour logiciel<\/b> FlexiCAD et mises \u00e0 jour firmware pour le<br \/>\nmat\u00e9riel Flexijet<\/td><td class='avia-center-col'><b>1.290,\u2013 \u20ac<\/b> net, hors TVA <br \/><\/td><td class='avia-center-col'><b>inclus<\/b><\/td><\/tr><tr class=''><td class=''><a href=\"https:\/\/www.flexijet.info\/service\/servicevertrag-versicherung\/flexijet-elektronikversicherung\/\"><b><u>Assurance \u00e9lectronique Flexijet<\/u><\/b><\/a><\/td><td class='avia-center-col'><b>399,\u2013 \u20ac<\/b> par an (incl. taxe d\u2019assurance)<\/td><td class='avia-center-col'><b>139,\u2013 \u20ac<\/b> (incl. taxe d\u2019assurance)<\/td><\/tr><tr class=''><td class=''><b>Contact direct avec le support<\/b><\/td><td class='avia-center-col'>inestimable<\/td><td class='avia-center-col'><b>inclus<\/b><\/td><\/tr><\/tbody><\/table><\/div><style type='text\/css'>.avia-table-1 td:nth-of-type(1):before { content: ''; } .avia-table-1 td:nth-of-type(2):before { content: 'Sans contrat de service'; } .avia-table-1 td:nth-of-type(3):before { content: 'Avec contrat de service'; } <\/style>\n\n<style type=\"text\/css\" data-created_by=\"avia_inline_auto\" id=\"style-css-av-jskbt9c0-26-c6a28b32a62d0a65ac8603a7f9ea4e32\">\n#top .hr.hr-invisible.av-jskbt9c0-26-c6a28b32a62d0a65ac8603a7f9ea4e32{\nheight:5px;\n}\n<\/style>\n<div  class='hr av-jskbt9c0-26-c6a28b32a62d0a65ac8603a7f9ea4e32 hr-invisible  avia-builder-el-16  el_after_av_table  el_before_av_heading '><span class='hr-inner '><span class=\"hr-inner-style\"><\/span><\/span><\/div>\n\n<style type=\"text\/css\" data-created_by=\"avia_inline_auto\" id=\"style-css-av-20qiit-cbd889ebd03c0192c150783c12bb0785\">\n#top .av-special-heading.av-20qiit-cbd889ebd03c0192c150783c12bb0785{\npadding-bottom:10px;\n}\nbody .av-special-heading.av-20qiit-cbd889ebd03c0192c150783c12bb0785 .av-special-heading-tag .heading-char{\nfont-size:25px;\n}\n.av-special-heading.av-20qiit-cbd889ebd03c0192c150783c12bb0785 .av-subheading{\nfont-size:15px;\n}\n<\/style>\n<div  class='av-special-heading av-20qiit-cbd889ebd03c0192c150783c12bb0785 av-special-heading-h3 blockquote modern-quote  avia-builder-el-17  el_after_av_hr  el_before_av_textblock  av-linked-heading'><h3 class='av-special-heading-tag '  itemprop=\"headline\"  >Comment obtenir le contrat de service Flexijet ?<\/h3><div class=\"special-heading-border\"><div class=\"special-heading-inner-border\"><\/div><\/div><\/div>\n<section  class='av_textblock_section av-jskb5dft-27-78aed9f4b945b291a8515816e645dbe3 '   itemscope=\"itemscope\" itemtype=\"https:\/\/schema.org\/CreativeWork\" ><div class='avia_textblock'  itemprop=\"text\" ><p><strong><b>Il vous suffit de nous \u00e9crire \u00e0 l\u2019adresse <a href=\"mailto:office@flexijet.info\">office@flexijet.info<\/a>. Nous vous enverrons ensuite un contrat pr\u00e9rempli !<\/b><\/strong><\/p>\n<p>\u00b9Prix valable uniquement pour les clients dont le si\u00e8ge se trouve en Allemagne. Pour les tarifs applicables en dehors de l\u2019Allemagne, veuillez nous contacter.<\/p>\n<\/div><\/section>\n\n<style type=\"text\/css\" data-created_by=\"avia_inline_auto\" id=\"style-css-av-jskbt9c0-25-7c85f431335332b16d0fadc3d858c49b\">\n#top .hr.hr-invisible.av-jskbt9c0-25-7c85f431335332b16d0fadc3d858c49b{\nheight:80px;\n}\n<\/style>\n<div  class='hr av-jskbt9c0-25-7c85f431335332b16d0fadc3d858c49b hr-invisible  avia-builder-el-19  el_after_av_textblock  avia-builder-el-last '><span class='hr-inner '><span class=\"hr-inner-style\"><\/span><\/span><\/div>\n","protected":false},"excerpt":{"rendered":"","protected":false},"author":27,"featured_media":0,"parent":17552,"menu_order":60,"comment_status":"closed","ping_status":"closed","template":"","meta":{"cybocfi_hide_featured_image":"","footnotes":""},"class_list":["post-17553","page","type-page","status-publish","hentry"],"_links":{"self":[{"href":"https:\/\/www.flexijet.info\/fr\/wp-json\/wp\/v2\/pages\/17553","targetHints":{"allow":["GET"]}}],"collection":[{"href":"https:\/\/www.flexijet.info\/fr\/wp-json\/wp\/v2\/pages"}],"about":[{"href":"https:\/\/www.flexijet.info\/fr\/wp-json\/wp\/v2\/types\/page"}],"author":[{"embeddable":true,"href":"https:\/\/www.flexijet.info\/fr\/wp-json\/wp\/v2\/users\/27"}],"replies":[{"embeddable":true,"href":"https:\/\/www.flexijet.info\/fr\/wp-json\/wp\/v2\/comments?post=17553"}],"version-history":[{"count":13,"href":"https:\/\/www.flexijet.info\/fr\/wp-json\/wp\/v2\/pages\/17553\/revisions"}],"predecessor-version":[{"id":18194,"href":"https:\/\/www.flexijet.info\/fr\/wp-json\/wp\/v2\/pages\/17553\/revisions\/18194"}],"up":[{"embeddable":true,"href":"https:\/\/www.flexijet.info\/fr\/wp-json\/wp\/v2\/pages\/17552"}],"wp:attachment":[{"href":"https:\/\/www.flexijet.info\/fr\/wp-json\/wp\/v2\/media?parent=17553"}],"curies":[{"name":"wp","href":"https:\/\/api.w.org\/{rel}","templated":true}]}}