{"id":17554,"date":"2019-02-22T16:46:41","date_gmt":"2019-02-22T15:46:41","guid":{"rendered":"http:\/\/next.flexijet.info\/?page_id=9415"},"modified":"2026-01-14T13:39:35","modified_gmt":"2026-01-14T12:39:35","slug":"assurance-electronique-flexijet","status":"publish","type":"page","link":"https:\/\/www.flexijet.info\/fr\/service\/contrat-de-service-assurance\/assurance-electronique-flexijet\/","title":{"rendered":"Assurance \u00e9lectronique Flexijet"},"content":{"rendered":"<div class='clear'><\/div><div id='sub_menu1'  class='av-submenu-container av-jsk69ugc-a5e9897f94111e6c63578ea9bd56fede main_color  avia-builder-el-0  el_before_av_one_fifth  avia-builder-el-first  av-sticky-submenu container_wrap fullsize' style='z-index:301' ><div class='container av-menu-mobile-disabled av-submenu-pos-center'><ul id=\"menu-switch-menu-servicevertrag-versicherung\" class=\"av-subnav-menu\" role=\"menu\"><li role=\"menuitem\" id=\"menu-item-17999\" class=\"menu-item menu-item-type-post_type menu-item-object-page menu-item-top-level menu-item-top-level-1\"><a href=\"https:\/\/www.flexijet.info\/fr\/service\/contrat-de-service-assurance\/contrat-de-service-flexijet\/\" itemprop=\"url\" tabindex=\"0\"><span class=\"avia-bullet\"><\/span><span class=\"avia-menu-text\">Contrat de service Flexijet<\/span><span class=\"avia-menu-fx\"><span class=\"avia-arrow-wrap\"><span class=\"avia-arrow\"><\/span><\/span><\/span><\/a><\/li>\n<li role=\"menuitem\" id=\"menu-item-18000\" class=\"menu-item menu-item-type-post_type menu-item-object-page menu-item-top-level menu-item-top-level-2\"><a href=\"https:\/\/www.flexijet.info\/fr\/service\/contrat-de-service-assurance\/assurance-electronique-flexijet\/\" itemprop=\"url\" tabindex=\"0\"><span class=\"avia-bullet\"><\/span><span class=\"avia-menu-text\">Assurance \u00e9lectronique Flexijet<\/span><span class=\"avia-menu-fx\"><span class=\"avia-arrow-wrap\"><span class=\"avia-arrow\"><\/span><\/span><\/span><\/a><\/li>\n<\/ul><\/div><\/div><div class='sticky_placeholder'><\/div><div id='after_submenu_1'  class='main_color av_default_container_wrap container_wrap fullsize'  ><div class='container av-section-cont-open' ><div class='template-page content  av-content-full alpha units'><div class='post-entry post-entry-type-page post-entry-17554'><div class='entry-content-wrapper clearfix'>\n\n<style type=\"text\/css\" data-created_by=\"avia_inline_auto\" id=\"style-css-av-17rdt2v-609a44affb228f04fed82768a155295c\">\n.flex_column.av-17rdt2v-609a44affb228f04fed82768a155295c{\nborder-radius:0px 0px 0px 0px;\npadding:0px 0px 0px 0px;\n}\n<\/style>\n<div  class='flex_column av-17rdt2v-609a44affb228f04fed82768a155295c av_one_fifth  avia-builder-el-1  el_after_av_submenu  el_before_av_four_fifth  avia-builder-el-first  first flex_column_div av-zero-column-padding  '     ><style type=\"text\/css\" data-created_by=\"avia_inline_auto\" id=\"style-css-av-jskk43xf-38ce387fa99f245b80c55bc44239b510\">\n.avia-image-container.av-jskk43xf-38ce387fa99f245b80c55bc44239b510 img.avia_image{\nbox-shadow:none;\n}\n.avia-image-container.av-jskk43xf-38ce387fa99f245b80c55bc44239b510 .av-image-caption-overlay-center{\ncolor:#ffffff;\n}\n<\/style>\n<div  class='avia-image-container av-jskk43xf-38ce387fa99f245b80c55bc44239b510 av-styling- avia-align-center  avia-builder-el-2  avia-builder-el-no-sibling '   itemprop=\"image\" itemscope=\"itemscope\" itemtype=\"https:\/\/schema.org\/ImageObject\" ><div class=\"avia-image-container-inner\"><div class=\"avia-image-overlay-wrap\"><img decoding=\"async\" fetchpriority=\"high\" class='wp-image-134 avia-img-lazy-loading-not-134 avia_image ' src=\"https:\/\/www.flexijet.info\/fr\/wp-content\/uploads\/2019\/02\/Elektronikversicherung.png\" alt='' title='Elektronikversicherung'  height=\"143\" width=\"142\"  itemprop=\"thumbnailUrl\" srcset=\"https:\/\/www.flexijet.info\/fr\/wp-content\/uploads\/2019\/02\/Elektronikversicherung.png 142w, https:\/\/www.flexijet.info\/fr\/wp-content\/uploads\/2019\/02\/Elektronikversicherung-80x80.png 80w, https:\/\/www.flexijet.info\/fr\/wp-content\/uploads\/2019\/02\/Elektronikversicherung-36x36.png 36w\" sizes=\"(max-width: 142px) 100vw, 142px\" \/><\/div><\/div><\/div><\/div>\n\n<style type=\"text\/css\" data-created_by=\"avia_inline_auto\" id=\"style-css-av-16pghuf-b820468b4d586cba0660b47709ceb61d\">\n.flex_column.av-16pghuf-b820468b4d586cba0660b47709ceb61d{\nborder-radius:0px 0px 0px 0px;\npadding:0px 0px 0px 0px;\n}\n<\/style>\n<div  class='flex_column av-16pghuf-b820468b4d586cba0660b47709ceb61d av_four_fifth  avia-builder-el-3  el_after_av_one_fifth  el_before_av_hr  flex_column_div av-zero-column-padding  '     ><style type=\"text\/css\" data-created_by=\"avia_inline_auto\" id=\"style-css-av-jskjyg28-5c0fd498d6ed02e62a83f009cf169208\">\n#top .av-special-heading.av-jskjyg28-5c0fd498d6ed02e62a83f009cf169208{\npadding-bottom:10px;\n}\nbody .av-special-heading.av-jskjyg28-5c0fd498d6ed02e62a83f009cf169208 .av-special-heading-tag .heading-char{\nfont-size:25px;\n}\n.av-special-heading.av-jskjyg28-5c0fd498d6ed02e62a83f009cf169208 .av-subheading{\nfont-size:15px;\n}\n<\/style>\n<div  class='av-special-heading av-jskjyg28-5c0fd498d6ed02e62a83f009cf169208 av-special-heading-h1 blockquote modern-quote  avia-builder-el-4  avia-builder-el-no-sibling  av-linked-heading'><h1 class='av-special-heading-tag '  itemprop=\"headline\"  ><b>L\u2019assurance \u00e9lectronique Flexijet<\/b><br \/><span style=\"text-transform:none\"> \u2013 Avec l\u2019assurance Flexijet, vous \u00eates toujours du c\u00f4t\u00e9 de la s\u00e9curit\u00e9 !<span><\/h1><div class='av-subheading av-subheading_below'><p>En cas de vol, de dommage ou de destruction.<\/p>\n<\/div><div class=\"special-heading-border\"><div class=\"special-heading-inner-border\"><\/div><\/div><\/div><\/div>\n\n<style type=\"text\/css\" data-created_by=\"avia_inline_auto\" id=\"style-css-av-jskk9cmk-4e00e8f2118bfb990c145a59fe1a07d3\">\n#top .hr.hr-invisible.av-jskk9cmk-4e00e8f2118bfb990c145a59fe1a07d3{\nheight:10px;\n}\n<\/style>\n<div  class='hr av-jskk9cmk-4e00e8f2118bfb990c145a59fe1a07d3 hr-invisible  avia-builder-el-5  el_after_av_four_fifth  el_before_av_heading '><span class='hr-inner '><span class=\"hr-inner-style\"><\/span><\/span><\/div>\n\n<style type=\"text\/css\" data-created_by=\"avia_inline_auto\" id=\"style-css-av-15912bb-504e5a9401860a11c0bd806f7e0dfb31\">\n#top .av-special-heading.av-15912bb-504e5a9401860a11c0bd806f7e0dfb31{\npadding-bottom:10px;\n}\nbody .av-special-heading.av-15912bb-504e5a9401860a11c0bd806f7e0dfb31 .av-special-heading-tag .heading-char{\nfont-size:25px;\n}\n.av-special-heading.av-15912bb-504e5a9401860a11c0bd806f7e0dfb31 .av-subheading{\nfont-size:15px;\n}\n<\/style>\n<div  class='av-special-heading av-15912bb-504e5a9401860a11c0bd806f7e0dfb31 av-special-heading-h3 blockquote modern-quote  avia-builder-el-6  el_after_av_hr  el_before_av_hr  av-linked-heading'><h3 class='av-special-heading-tag '  itemprop=\"headline\"  >Les clients disposant d\u2019un contrat de service Flexijet b\u00e9n\u00e9ficient d\u2019un double avantage \u2013 ils profitent d\u2019une r\u00e9duction annuelle de <nobr>260 \u20ac<\/nobr> sur l\u2019assurance \u00e9lectronique Flexijet :<\/h3><div class=\"special-heading-border\"><div class=\"special-heading-inner-border\"><\/div><\/div><\/div>\n\n<style type=\"text\/css\" data-created_by=\"avia_inline_auto\" id=\"style-css-av-jskk9cmk-8-bb1dfbacf966f6444568d8c0d504922b\">\n#top .hr.hr-invisible.av-jskk9cmk-8-bb1dfbacf966f6444568d8c0d504922b{\nheight:20px;\n}\n<\/style>\n<div  class='hr av-jskk9cmk-8-bb1dfbacf966f6444568d8c0d504922b hr-invisible  avia-builder-el-7  el_after_av_heading  el_before_av_one_half '><span class='hr-inner '><span class=\"hr-inner-style\"><\/span><\/span><\/div>\n\n<style type=\"text\/css\" data-created_by=\"avia_inline_auto\" id=\"style-css-av-153jntz-2d173907318fb1a4c2eb0465fef0c603\">\n.flex_column.av-153jntz-2d173907318fb1a4c2eb0465fef0c603{\nborder-radius:0px 0px 0px 0px;\npadding:0px 0px 0px 0px;\n}\n<\/style>\n<div  class='flex_column av-153jntz-2d173907318fb1a4c2eb0465fef0c603 av_one_half  avia-builder-el-8  el_after_av_hr  el_before_av_one_half  first flex_column_div av-zero-column-padding  '     ><div id='avia-messagebox-' class='avia_message_box av_notification av-jskkor5z-391bb981b7bb74a3481f1fd00364609b avia-color-green avia-size-normal avia-icon_select-no avia-border-dashed  avia-builder-el-9  avia-builder-el-no-sibling ' ><div class=\"avia_message_box_content\"><p><span style=\"text-transform:none;font-weight:normal\">Co\u00fbt de l\u2019assurance \u00e9lectronique Flexijet <br \/>pour les clients <u>avec<\/u>contrat de maintenance Flexijet : <br \/>annuellement seulement <b><u>139,\u2013 \u20ac<\/u><\/b> taxes d\u2019assurance comprises<\/span><\/p>\n<\/div><\/div><\/div>\n\n<style type=\"text\/css\" data-created_by=\"avia_inline_auto\" id=\"style-css-av-3wopsn-3cd0fefcc07bc6ee34b0d08e071e68c9\">\n.flex_column.av-3wopsn-3cd0fefcc07bc6ee34b0d08e071e68c9{\nborder-radius:0px 0px 0px 0px;\npadding:0px 0px 0px 0px;\n}\n<\/style>\n<div  class='flex_column av-3wopsn-3cd0fefcc07bc6ee34b0d08e071e68c9 av_one_half  avia-builder-el-10  el_after_av_one_half  el_before_av_hr  flex_column_div av-zero-column-padding  '     ><div id='avia-messagebox-' class='avia_message_box av_notification av-jskkttj0-f38a4aef892a1c69d0f7afa1b73fd3f9 avia-color-silver avia-size-normal avia-icon_select-no avia-border-dashed  avia-builder-el-11  avia-builder-el-no-sibling ' ><div class=\"avia_message_box_content\"><p><span style=\"text-transform:none;font-weight:normal\">Co\u00fbt de l\u2019assurance \u00e9lectronique Flexijet <br \/>pour les clients <u>sans<\/u> contrat de maintenance Flexijet : <br \/>annuellement <b><u>399,\u2013 \u20ac<\/u><\/b> taxes d\u2019assurance comprises<\/span><\/p>\n<\/div><\/div><\/div>\n\n<style type=\"text\/css\" data-created_by=\"avia_inline_auto\" id=\"style-css-av-jskk9cmk-7-df63ed92ec3c46b44468c1ec627810cc\">\n#top .hr.hr-invisible.av-jskk9cmk-7-df63ed92ec3c46b44468c1ec627810cc{\nheight:10px;\n}\n<\/style>\n<div  class='hr av-jskk9cmk-7-df63ed92ec3c46b44468c1ec627810cc hr-invisible  avia-builder-el-12  el_after_av_one_half  el_before_av_heading '><span class='hr-inner '><span class=\"hr-inner-style\"><\/span><\/span><\/div>\n\n<style type=\"text\/css\" data-created_by=\"avia_inline_auto\" id=\"style-css-av-131xevr-06919b7608cc6cadfe015a883ffb827b\">\n#top .av-special-heading.av-131xevr-06919b7608cc6cadfe015a883ffb827b{\npadding-bottom:10px;\n}\nbody .av-special-heading.av-131xevr-06919b7608cc6cadfe015a883ffb827b .av-special-heading-tag .heading-char{\nfont-size:25px;\n}\n.av-special-heading.av-131xevr-06919b7608cc6cadfe015a883ffb827b .av-subheading{\nfont-size:15px;\n}\n<\/style>\n<div  class='av-special-heading av-131xevr-06919b7608cc6cadfe015a883ffb827b av-special-heading-h3 blockquote modern-quote  avia-builder-el-13  el_after_av_hr  el_before_av_table  av-linked-heading'><h3 class='av-special-heading-tag '  itemprop=\"headline\"  >Quelles sont les garanties couvertes ?<\/h3><div class=\"special-heading-border\"><div class=\"special-heading-inner-border\"><\/div><\/div><\/div>\n<div class='avia-data-table-wrap av-10pvnev-5ae4a25d7a04426148bb15dff020eda1 avia_scrollable_table avia-table-1'><table  class='avia-table avia-data-table avia_pricing_default  avia-builder-el-14  el_after_av_heading  el_before_av_hr '  itemscope=\"itemscope\" itemtype=\"https:\/\/schema.org\/Table\" ><tbody><tr class='avia-heading-row'><th class='avia-highlight-col'>Incident :<\/th><th class=''>Franchise :<\/th><\/tr><tr class=''><td class='avia-highlight-col'><b>Incendie, foudre, explosion<\/b><\/td><td class=''>sans franchise<\/td><\/tr><tr class=''><td class='avia-highlight-col'><b>D\u00e9g\u00e2ts des eaux, temp\u00eate, gr\u00eale<\/b><\/td><td class=''>sans franchise<\/td><\/tr><tr class=''><td class='avia-highlight-col'><b>Effraction, vol qualifi\u00e9<\/b><\/td><td class=''>10 % du montant du dommage (min. 500 \u20ac)<br \/>\n<\/td><\/tr><tr class=''><td class='avia-highlight-col'><b>N\u00e9gligence, maladresse<\/b><\/td><td class=''>500,\u2013 \u20ac<\/td><\/tr><tr class=''><td class='avia-highlight-col'><b>Actes intentionnels de tiers, sabotage, vandalisme<\/b><\/td><td class=''>500,\u2013 \u20ac<\/td><\/tr><tr class=''><td class='avia-highlight-col'><b>Vorsatz Dritter, Sabotage, Vandalismus<\/b><\/td><td class=''>500,\u2013 \u20ac<\/td><\/tr><\/tbody><\/table><\/div>\n\n<style type=\"text\/css\" data-created_by=\"avia_inline_auto\" id=\"style-css-av-jskk9cmk-6-00a737eff68f4cd1419a984b52cda27c\">\n#top .hr.hr-invisible.av-jskk9cmk-6-00a737eff68f4cd1419a984b52cda27c{\nheight:20px;\n}\n<\/style>\n<div  class='hr av-jskk9cmk-6-00a737eff68f4cd1419a984b52cda27c hr-invisible  avia-builder-el-15  el_after_av_table  el_before_av_one_third '><span class='hr-inner '><span class=\"hr-inner-style\"><\/span><\/span><\/div>\n\n<style type=\"text\/css\" data-created_by=\"avia_inline_auto\" id=\"style-css-av-95mtz-bb5e7d3e024e8a8926eddb43c8bb4db8\">\n.flex_column.av-95mtz-bb5e7d3e024e8a8926eddb43c8bb4db8{\nborder-radius:0px 0px 0px 0px;\npadding:0px 0px 0px 0px;\n}\n<\/style>\n<div  class='flex_column av-95mtz-bb5e7d3e024e8a8926eddb43c8bb4db8 av_one_third  avia-builder-el-16  el_after_av_hr  el_before_av_two_fifth  first flex_column_div av-zero-column-padding  '     ><section  class='av_textblock_section av-ltr8jkpt-06f20778e167f38281fc843fa7f6b4e3 '   itemscope=\"itemscope\" itemtype=\"https:\/\/schema.org\/CreativeWork\" ><div class='avia_textblock'  itemprop=\"text\" ><h3><img decoding=\"async\" class=\"size-full wp-image-9580 alignleft\" src=\"https:\/\/www.flexijet.info\/wp-content\/uploads\/2019\/02\/EV-Europa.jpg\" alt=\"\" width=\"162\" height=\"154\" \/>Champ d\u2019application<\/h3>\n<p>La souscription \u00e0 la couverture d\u2019assurance n\u2019est possible que pour les clients dont le si\u00e8ge social se trouve dans un \u00c9tat membre de l\u2019UE.<\/p>\n<\/div><\/section><\/div>\n\n<style type=\"text\/css\" data-created_by=\"avia_inline_auto\" id=\"style-css-av-jskm0z3k-4-2d63ddea5b54c01ef1c5e1a67e472236\">\n.flex_column.av-jskm0z3k-4-2d63ddea5b54c01ef1c5e1a67e472236{\nborder-radius:0px 0px 0px 0px;\npadding:0px 0px 0px 0px;\n}\n<\/style>\n<div  class='flex_column av-jskm0z3k-4-2d63ddea5b54c01ef1c5e1a67e472236 av_two_fifth  avia-builder-el-18  el_after_av_one_third  el_before_av_one_fourth  flex_column_div av-zero-column-padding  '     ><p>\n<style type=\"text\/css\" data-created_by=\"avia_inline_auto\" id=\"style-css-av-4w1fp3-225619f660864ecf0e7eab7ffd568f11\">\n#top .av-special-heading.av-4w1fp3-225619f660864ecf0e7eab7ffd568f11{\npadding-bottom:10px;\n}\nbody .av-special-heading.av-4w1fp3-225619f660864ecf0e7eab7ffd568f11 .av-special-heading-tag .heading-char{\nfont-size:25px;\n}\n.av-special-heading.av-4w1fp3-225619f660864ecf0e7eab7ffd568f11 .av-subheading{\nfont-size:15px;\n}\n<\/style>\n<div  class='av-special-heading av-4w1fp3-225619f660864ecf0e7eab7ffd568f11 av-special-heading-h3 blockquote modern-quote  avia-builder-el-19  el_before_av_textblock  avia-builder-el-first  av-linked-heading'><h3 class='av-special-heading-tag '  itemprop=\"headline\"  >Que couvre l\u2019assurance en cas de sinistre ?<\/h3><div class=\"special-heading-border\"><div class=\"special-heading-inner-border\"><\/div><\/div><\/div><br \/>\n<section  class='av_textblock_section av-jskllwg0-3-733698d67d21967b1cdd8c3e5292af37 '   itemscope=\"itemscope\" itemtype=\"https:\/\/schema.org\/CreativeWork\" ><div class='avia_textblock'  itemprop=\"text\" ><p data-start=\"952\" data-end=\"1133\">En principe, les dommages sont indemnis\u00e9s sur la base de la valeur \u00e0 neuf (frais de r\u00e9paration ou remplacement).<\/p>\n<p data-start=\"952\" data-end=\"1133\"><br data-start=\"1064\" data-end=\"1067\" \/>Le montant de l\u2019indemnisation est limit\u00e9 \u00e0 la valeur actuelle si :<\/p>\n<ul data-start=\"1135\" data-end=\"1314\">\n<li data-start=\"1135\" data-end=\"1194\">\n<p data-start=\"1137\" data-end=\"1194\">aucune r\u00e9paration ni aucun remplacement n\u2019est souhait\u00e9,<\/p>\n<\/li>\n<li data-start=\"1195\" data-end=\"1314\">\n<p data-start=\"1197\" data-end=\"1314\">aucune pi\u00e8ce de rechange standard n\u2019est disponible et la valeur actuelle est inf\u00e9rieure \u00e0 25 % de la valeur \u00e0 neuf.<\/p>\n<\/li>\n<\/ul>\n<\/div><\/section><\/p><\/div>\n\n<style type=\"text\/css\" data-created_by=\"avia_inline_auto\" id=\"style-css-av-jskm0mci-dffa84d593be799423b60772243f33e7\">\n.flex_column.av-jskm0mci-dffa84d593be799423b60772243f33e7{\nborder-radius:0px 0px 0px 0px;\npadding:0px 0px 0px 0px;\n}\n<\/style>\n<div  class='flex_column av-jskm0mci-dffa84d593be799423b60772243f33e7 av_one_fourth  avia-builder-el-21  el_after_av_two_fifth  el_before_av_hr  flex_column_div av-hide-on-mobile av-zero-column-padding  '     ><style type=\"text\/css\" data-created_by=\"avia_inline_auto\" id=\"style-css-av-jskm5p7i-d71f84cf4d90e7899308e375403391d3\">\n.avia-image-container.av-jskm5p7i-d71f84cf4d90e7899308e375403391d3 img.avia_image{\nbox-shadow:none;\n}\n.avia-image-container.av-jskm5p7i-d71f84cf4d90e7899308e375403391d3 .av-image-caption-overlay-center{\ncolor:#ffffff;\n}\n<\/style>\n<div  class='avia-image-container av-jskm5p7i-d71f84cf4d90e7899308e375403391d3 av-styling- avia-align-center  avia-builder-el-22  avia-builder-el-no-sibling '   itemprop=\"image\" itemscope=\"itemscope\" itemtype=\"https:\/\/schema.org\/ImageObject\" ><div class=\"avia-image-container-inner\"><div class=\"avia-image-overlay-wrap\"><img decoding=\"async\" fetchpriority=\"high\" class='wp-image-71 avia-img-lazy-loading-not-71 avia_image ' src=\"https:\/\/www.flexijet.info\/fr\/wp-content\/uploads\/2018\/09\/Flexijet-Hardware-Koffer-300x174.jpg\" alt='' title='Flexijet-Hardware-Koffer'  height=\"174\" width=\"300\"  itemprop=\"thumbnailUrl\" srcset=\"https:\/\/www.flexijet.info\/fr\/wp-content\/uploads\/2018\/09\/Flexijet-Hardware-Koffer-300x174.jpg 300w, https:\/\/www.flexijet.info\/fr\/wp-content\/uploads\/2018\/09\/Flexijet-Hardware-Koffer-1030x596.jpg 1030w, https:\/\/www.flexijet.info\/fr\/wp-content\/uploads\/2018\/09\/Flexijet-Hardware-Koffer-768x445.jpg 768w, https:\/\/www.flexijet.info\/fr\/wp-content\/uploads\/2018\/09\/Flexijet-Hardware-Koffer-705x408.jpg 705w, https:\/\/www.flexijet.info\/fr\/wp-content\/uploads\/2018\/09\/Flexijet-Hardware-Koffer.jpg 1140w\" sizes=\"(max-width: 300px) 100vw, 300px\" \/><\/div><\/div><\/div><\/div>\n\n<style type=\"text\/css\" data-created_by=\"avia_inline_auto\" id=\"style-css-av-jskk9cmk-5-85d62576e88d9074fbc47b5eb763c53a\">\n#top .hr.hr-invisible.av-jskk9cmk-5-85d62576e88d9074fbc47b5eb763c53a{\nheight:10px;\n}\n<\/style>\n<div  class='hr av-jskk9cmk-5-85d62576e88d9074fbc47b5eb763c53a hr-invisible  avia-builder-el-23  el_after_av_one_fourth  el_before_av_heading '><span class='hr-inner '><span class=\"hr-inner-style\"><\/span><\/span><\/div>\n\n<style type=\"text\/css\" data-created_by=\"avia_inline_auto\" id=\"style-css-av-2ftf9z-a248497568588a35a66da6bcdbc9306f\">\n#top .av-special-heading.av-2ftf9z-a248497568588a35a66da6bcdbc9306f{\npadding-bottom:10px;\n}\nbody .av-special-heading.av-2ftf9z-a248497568588a35a66da6bcdbc9306f .av-special-heading-tag .heading-char{\nfont-size:25px;\n}\n.av-special-heading.av-2ftf9z-a248497568588a35a66da6bcdbc9306f .av-subheading{\nfont-size:15px;\n}\n<\/style>\n<div  class='av-special-heading av-2ftf9z-a248497568588a35a66da6bcdbc9306f av-special-heading-h3 blockquote modern-quote  avia-builder-el-24  el_after_av_hr  el_before_av_textblock  av-linked-heading'><h3 class='av-special-heading-tag '  itemprop=\"headline\"  >Comment assurer votre syst\u00e8me de relev\u00e9 laser Flexijet chez nous ?<\/h3><div class=\"special-heading-border\"><div class=\"special-heading-inner-border\"><\/div><\/div><\/div>\n<section  class='av_textblock_section av-jskllwg0-2-c747ea895aa90657ee9966c0e1cbb134 '   itemscope=\"itemscope\" itemtype=\"https:\/\/schema.org\/CreativeWork\" ><div class='avia_textblock'  itemprop=\"text\" ><p><b>Demandez l\u2019assurance \u00e9lectronique Flexijet \u00e0 l\u2019adresse <a href=\"mailto:office@flexijet.info\">office@flexijet.info<\/a> an. Nous vous ferons alors parvenir un contrat pr\u00e9rempli !<\/b><\/p>\n<\/div><\/section>\n\n<style type=\"text\/css\" data-created_by=\"avia_inline_auto\" id=\"style-css-av-jskk9cmk-1-3fa7e0109108339084ee6f246d3e2ad9\">\n#top .hr.hr-invisible.av-jskk9cmk-1-3fa7e0109108339084ee6f246d3e2ad9{\nheight:80px;\n}\n<\/style>\n<div  class='hr av-jskk9cmk-1-3fa7e0109108339084ee6f246d3e2ad9 hr-invisible  avia-builder-el-26  el_after_av_textblock  avia-builder-el-last '><span class='hr-inner '><span class=\"hr-inner-style\"><\/span><\/span><\/div>\n","protected":false},"excerpt":{"rendered":"","protected":false},"author":27,"featured_media":0,"parent":17552,"menu_order":60,"comment_status":"closed","ping_status":"closed","template":"","meta":{"cybocfi_hide_featured_image":"","footnotes":""},"class_list":["post-17554","page","type-page","status-publish","hentry"],"_links":{"self":[{"href":"https:\/\/www.flexijet.info\/fr\/wp-json\/wp\/v2\/pages\/17554","targetHints":{"allow":["GET"]}}],"collection":[{"href":"https:\/\/www.flexijet.info\/fr\/wp-json\/wp\/v2\/pages"}],"about":[{"href":"https:\/\/www.flexijet.info\/fr\/wp-json\/wp\/v2\/types\/page"}],"author":[{"embeddable":true,"href":"https:\/\/www.flexijet.info\/fr\/wp-json\/wp\/v2\/users\/27"}],"replies":[{"embeddable":true,"href":"https:\/\/www.flexijet.info\/fr\/wp-json\/wp\/v2\/comments?post=17554"}],"version-history":[{"count":8,"href":"https:\/\/www.flexijet.info\/fr\/wp-json\/wp\/v2\/pages\/17554\/revisions"}],"predecessor-version":[{"id":18002,"href":"https:\/\/www.flexijet.info\/fr\/wp-json\/wp\/v2\/pages\/17554\/revisions\/18002"}],"up":[{"embeddable":true,"href":"https:\/\/www.flexijet.info\/fr\/wp-json\/wp\/v2\/pages\/17552"}],"wp:attachment":[{"href":"https:\/\/www.flexijet.info\/fr\/wp-json\/wp\/v2\/media?parent=17554"}],"curies":[{"name":"wp","href":"https:\/\/api.w.org\/{rel}","templated":true}]}}